{"id":25215,"date":"2025-08-14T16:14:28","date_gmt":"2025-08-14T14:14:28","guid":{"rendered":"https:\/\/mullirivjeter.al\/?post_type=product&#038;p=25215"},"modified":"2025-08-14T16:16:37","modified_gmt":"2025-08-14T14:16:37","slug":"mulliri-espresso-oro-50-cialde","status":"publish","type":"product","link":"https:\/\/mullirivjeter.al\/en\/product\/mulliri-espresso-oro-50-cialde\/","title":{"rendered":"Mulliri\u00ae Espresso Oro 50 Cialde"},"content":{"rendered":"<div class=\"vc_row wpb_row vc_row-fluid edgtf-section edgtf-content-aligment-left\" style=\"\"><div class=\"clearfix edgtf-full-section-inner\"><div class=\"wpb_column vc_column_container vc_col-sm-12\"><div class=\"vc_column-inner\"><div class=\"wpb_wrapper\">\n\t<div class=\"wpb_text_column wpb_content_element\" >\n\t\t<div class=\"wpb_wrapper\">\n\t\t\t<p>Kafe ekspres n\u00eb bustin\u00eb monodoz\u00eb nj\u00ebp\u00ebrdorimshe.<\/p>\n<p>T\u00eb p\u00ebrshtatshme p\u00ebr makinerit\u00eb me bustina E.S.E 44mm.<\/p>\n\n\t\t<\/div>\n\t<\/div>\n<\/div><\/div><\/div><\/div><\/div>","protected":false},"excerpt":{"rendered":"<p>Oro \u00ebsht\u00eb rezultat i p\u00ebrpjekjeve t\u00eb vazhduara t\u00eb mjeshtrave tan\u00eb t\u00eb pjekjes, p\u00ebr t\u00eb sjell\u00eb n\u00eb jet\u00eb nj\u00eb p\u00ebrzierje unike kafeje. N\u00eb t\u00eb mbizoterojn\u00eb delikatesa dhe \u00ebmb\u00eblsia e kafes arabike, teksa prania e kafeve robusta m\u00eb cil\u00ebsore vjen p\u00ebr t\u00eb siguruar kremozitetin dhe balanc\u00ebn e shijes q\u00eb karakterizon nj\u00eb kafe t\u00eb mirefillt\u00eb ekspresi.<\/p>","protected":false},"featured_media":25216,"template":"","meta":{"_monsterinsights_skip_tracking":false,"_monsterinsights_sitenote_active":false,"_monsterinsights_sitenote_note":"","_monsterinsights_sitenote_category":0},"_links":{"self":[{"href":"https:\/\/mullirivjeter.al\/en\/wp-json\/wp\/v2\/product\/25215"}],"collection":[{"href":"https:\/\/mullirivjeter.al\/en\/wp-json\/wp\/v2\/product"}],"about":[{"href":"https:\/\/mullirivjeter.al\/en\/wp-json\/wp\/v2\/types\/product"}],"wp:featuredmedia":[{"embeddable":true,"href":"https:\/\/mullirivjeter.al\/en\/wp-json\/wp\/v2\/media\/25216"}],"wp:attachment":[{"href":"https:\/\/mullirivjeter.al\/en\/wp-json\/wp\/v2\/media?parent=25215"}],"curies":[{"name":"wp","href":"https:\/\/api.w.org\/{rel}","templated":true}]}}