{"id":25214,"date":"2025-08-14T16:13:36","date_gmt":"2025-08-14T14:13:36","guid":{"rendered":"https:\/\/mullirivjeter.al\/?post_type=product&#038;p=25214"},"modified":"2025-08-14T16:14:16","modified_gmt":"2025-08-14T14:14:16","slug":"mulliri-espresso-dekaf-18-kapsula-fap","status":"publish","type":"product","link":"https:\/\/mullirivjeter.al\/en\/product\/mulliri-espresso-dekaf-18-kapsula-fap\/","title":{"rendered":"Mulliri\u00ae Espresso Dekaf 18 Kapsula FAP"},"content":{"rendered":"<div class=\"vc_row wpb_row vc_row-fluid edgtf-section edgtf-content-aligment-left\" style=\"\"><div class=\"clearfix edgtf-full-section-inner\"><div class=\"wpb_column vc_column_container vc_col-sm-12\"><div class=\"vc_column-inner\"><div class=\"wpb_wrapper\">\n\t<div class=\"wpb_text_column wpb_content_element\" >\n\t\t<div class=\"wpb_wrapper\">\n\t\t\t<p>Kafe ekspres n\u00eb kapsul\u00eb monodoz\u00eb nj\u00eb p\u00ebrdorimshe.<\/p>\n<p>Compatible with Lavazza Espresso Point machines.<\/p>\n<p>The aforementioned brand is not affiliated with Mulliri i Vjeter Sh.p.k. and its brands.<\/p>\n\n\t\t<\/div>\n\t<\/div>\n<\/div><\/div><\/div><\/div><\/div>","protected":false},"excerpt":{"rendered":"<p class=\"p1\">E but\u00eb dhe e ekuilibruar, Dekaf \u00ebsht\u00eb p\u00ebrzierje e kafeve t\u00eb p\u00ebrzgjedhura nga origjina t\u00eb ndryshme n\u00eb bot\u00eb, p\u00ebr \u00e7dok\u00ebnd n\u00eb k\u00ebrkim t\u00eb nj\u00eb eksperience origjinale kafeje, por pa efektet e kafein\u00ebs.<\/p>","protected":false},"featured_media":25206,"template":"","meta":{"_monsterinsights_skip_tracking":false,"_monsterinsights_sitenote_active":false,"_monsterinsights_sitenote_note":"","_monsterinsights_sitenote_category":0},"_links":{"self":[{"href":"https:\/\/mullirivjeter.al\/en\/wp-json\/wp\/v2\/product\/25214"}],"collection":[{"href":"https:\/\/mullirivjeter.al\/en\/wp-json\/wp\/v2\/product"}],"about":[{"href":"https:\/\/mullirivjeter.al\/en\/wp-json\/wp\/v2\/types\/product"}],"wp:featuredmedia":[{"embeddable":true,"href":"https:\/\/mullirivjeter.al\/en\/wp-json\/wp\/v2\/media\/25206"}],"wp:attachment":[{"href":"https:\/\/mullirivjeter.al\/en\/wp-json\/wp\/v2\/media?parent=25214"}],"curies":[{"name":"wp","href":"https:\/\/api.w.org\/{rel}","templated":true}]}}