{"id":25213,"date":"2025-08-14T16:09:22","date_gmt":"2025-08-14T14:09:22","guid":{"rendered":"https:\/\/mullirivjeter.al\/?post_type=product&#038;p=25213"},"modified":"2025-08-14T16:09:55","modified_gmt":"2025-08-14T14:09:55","slug":"mulliri-espresso-colombia-18-kapsula-fap","status":"publish","type":"product","link":"https:\/\/mullirivjeter.al\/en\/product\/mulliri-espresso-colombia-18-kapsula-fap\/","title":{"rendered":"Mulliri\u00ae Espresso Colombia 18 Kapsula FAP"},"content":{"rendered":"<div class=\"vc_row wpb_row vc_row-fluid edgtf-section edgtf-content-aligment-left\" style=\"\"><div class=\"clearfix edgtf-full-section-inner\"><div class=\"wpb_column vc_column_container vc_col-sm-12\"><div class=\"vc_column-inner\"><div class=\"wpb_wrapper\">\n\t<div class=\"wpb_text_column wpb_content_element\" >\n\t\t<div class=\"wpb_wrapper\">\n\t\t\t<p>Kafe ekspres n\u00eb kapsul\u00eb monodoz\u00eb nj\u00eb p\u00ebrdorimshe.<\/p>\n<p>Compatible with Lavazza Espresso Point machines.<\/p>\n<p>The aforementioned brand is not affiliated with Mulliri i Vjeter Sh.p.k. and its brands.<\/p>\n\n\t\t<\/div>\n\t<\/div>\n<\/div><\/div><\/div><\/div><\/div>","protected":false},"excerpt":{"rendered":"<p class=\"p1\">Me nj\u00eb trup mesatar dhe aciditet t\u00eb moderuar, nuancat e k\u00ebndshme frutore jan\u00eb zemra e k\u00ebsaj kafeje. Ato p\u00ebrfundojn\u00eb me nj\u00eb shije t\u00eb zgjatur t\u00eb \u00e7okollat\u00ebs s\u00eb zez\u00eb, duke krijuar nj\u00eb filxhan me nj\u00eb balanc\u00eb t\u00eb shk\u00eblqyer shijeje, e cila \u00ebsht\u00eb edhe arsyeja pse kjo kafe \u00ebsht\u00eb nj\u00eb prej m\u00eb t\u00eb k\u00ebrkuarave n\u00eb bot\u00eb.<\/p>","protected":false},"featured_media":25205,"template":"","meta":{"_monsterinsights_skip_tracking":false,"_monsterinsights_sitenote_active":false,"_monsterinsights_sitenote_note":"","_monsterinsights_sitenote_category":0},"_links":{"self":[{"href":"https:\/\/mullirivjeter.al\/en\/wp-json\/wp\/v2\/product\/25213"}],"collection":[{"href":"https:\/\/mullirivjeter.al\/en\/wp-json\/wp\/v2\/product"}],"about":[{"href":"https:\/\/mullirivjeter.al\/en\/wp-json\/wp\/v2\/types\/product"}],"wp:featuredmedia":[{"embeddable":true,"href":"https:\/\/mullirivjeter.al\/en\/wp-json\/wp\/v2\/media\/25205"}],"wp:attachment":[{"href":"https:\/\/mullirivjeter.al\/en\/wp-json\/wp\/v2\/media?parent=25213"}],"curies":[{"name":"wp","href":"https:\/\/api.w.org\/{rel}","templated":true}]}}