{"id":25211,"date":"2025-08-14T16:06:29","date_gmt":"2025-08-14T14:06:29","guid":{"rendered":"https:\/\/mullirivjeter.al\/?post_type=product&#038;p=25211"},"modified":"2025-08-14T16:07:31","modified_gmt":"2025-08-14T14:07:31","slug":"mulliri-espresso-india-18-kapsula-fap","status":"publish","type":"product","link":"https:\/\/mullirivjeter.al\/en\/product\/mulliri-espresso-india-18-kapsula-fap\/","title":{"rendered":"Mulliri\u00ae Espresso India 18 Kapsula FAP"},"content":{"rendered":"<div class=\"vc_row wpb_row vc_row-fluid edgtf-section edgtf-content-aligment-left\" style=\"\"><div class=\"clearfix edgtf-full-section-inner\"><div class=\"wpb_column vc_column_container vc_col-sm-12\"><div class=\"vc_column-inner\"><div class=\"wpb_wrapper\">\n\t<div class=\"wpb_text_column wpb_content_element\" >\n\t\t<div class=\"wpb_wrapper\">\n\t\t\t<p>Kafe ekspres n\u00eb kapsul\u00eb monodoz\u00eb nj\u00eb p\u00ebrdorimshe.<\/p>\n<p>Compatible with Lavazza Espresso Point machines.<\/p>\n<p>The aforementioned brand is not affiliated with Mulliri i Vjeter Sh.p.k. and its brands.<\/p>\n\n\t\t<\/div>\n\t<\/div>\n<\/div><\/div><\/div><\/div><\/div>","protected":false},"excerpt":{"rendered":"<p class=\"p1\">Nj\u00eb prej kafeve robusta m\u00eb cil\u00ebsore n\u00eb mbar\u00eb bot\u00ebn, me aciditet t\u00eb ul\u00ebt dhe intensitet t\u00eb lart\u00eb. Nuancat pikante i l\u00ebn\u00eb v\u00ebndin pas-shijes s\u00eb \u00e7okollat\u00ebs, n\u00eb nj\u00eb filxhan kremoz t\u00eb dedikuar p\u00ebr adhuruesit e kafein\u00ebs.<\/p>","protected":false},"featured_media":25208,"template":"","meta":{"_monsterinsights_skip_tracking":false,"_monsterinsights_sitenote_active":false,"_monsterinsights_sitenote_note":"","_monsterinsights_sitenote_category":0},"_links":{"self":[{"href":"https:\/\/mullirivjeter.al\/en\/wp-json\/wp\/v2\/product\/25211"}],"collection":[{"href":"https:\/\/mullirivjeter.al\/en\/wp-json\/wp\/v2\/product"}],"about":[{"href":"https:\/\/mullirivjeter.al\/en\/wp-json\/wp\/v2\/types\/product"}],"wp:featuredmedia":[{"embeddable":true,"href":"https:\/\/mullirivjeter.al\/en\/wp-json\/wp\/v2\/media\/25208"}],"wp:attachment":[{"href":"https:\/\/mullirivjeter.al\/en\/wp-json\/wp\/v2\/media?parent=25211"}],"curies":[{"name":"wp","href":"https:\/\/api.w.org\/{rel}","templated":true}]}}