{"id":25210,"date":"2025-08-14T16:04:47","date_gmt":"2025-08-14T14:04:47","guid":{"rendered":"https:\/\/mullirivjeter.al\/?post_type=product&#038;p=25210"},"modified":"2025-08-14T16:06:05","modified_gmt":"2025-08-14T14:06:05","slug":"mulliri-espresso-brazil-18-kapsula-fap","status":"publish","type":"product","link":"https:\/\/mullirivjeter.al\/en\/product\/mulliri-espresso-brazil-18-kapsula-fap\/","title":{"rendered":"Mulliri\u00ae Espresso Brazil 18 Kapsula FAP"},"content":{"rendered":"<div class=\"vc_row wpb_row vc_row-fluid edgtf-section edgtf-content-aligment-left\" style=\"\"><div class=\"clearfix edgtf-full-section-inner\"><div class=\"wpb_column vc_column_container vc_col-sm-12\"><div class=\"vc_column-inner\"><div class=\"wpb_wrapper\">\n\t<div class=\"wpb_text_column wpb_content_element\" >\n\t\t<div class=\"wpb_wrapper\">\n\t\t\t<p>Kafe ekspres n\u00eb kapsul\u00eb monodoz\u00eb nj\u00eb p\u00ebrdorimshe.<\/p>\n<p>Compatible with Lavazza Espresso Point machines.<\/p>\n<p>The aforementioned brand is not affiliated with Mulliri i Vjeter Sh.p.k. and its brands.<\/p>\n\n\t\t<\/div>\n\t<\/div>\n<\/div><\/div><\/div><\/div><\/div>","protected":false},"excerpt":{"rendered":"<p>Nj\u00eb filxhan kremoz dhe i \u00ebmb\u00ebl me nuanca t\u00eb mir\u00eb-ekuilibruara t\u00eb maltit, qum\u00ebshtit dhe \u00e7okollat\u00ebs s\u00eb zez\u00eb; kjo e fundit e p\u00ebrforcuar edhe nga pjekja e fort\u00eb q\u00eb zgjidhet p\u00ebr k\u00ebt\u00eb kafe. Pas-shija fal aroma drith\u00ebrash dhe lajthish t\u00eb pjekura, duke krijuar n\u00eb t\u00ebr\u00ebsi nj\u00eb kafe tipike braziliane t\u00eb cil\u00ebsis\u00eb s\u00eb lart\u00eb.<\/p>","protected":false},"featured_media":25204,"template":"","meta":{"_monsterinsights_skip_tracking":false,"_monsterinsights_sitenote_active":false,"_monsterinsights_sitenote_note":"","_monsterinsights_sitenote_category":0},"_links":{"self":[{"href":"https:\/\/mullirivjeter.al\/en\/wp-json\/wp\/v2\/product\/25210"}],"collection":[{"href":"https:\/\/mullirivjeter.al\/en\/wp-json\/wp\/v2\/product"}],"about":[{"href":"https:\/\/mullirivjeter.al\/en\/wp-json\/wp\/v2\/types\/product"}],"wp:featuredmedia":[{"embeddable":true,"href":"https:\/\/mullirivjeter.al\/en\/wp-json\/wp\/v2\/media\/25204"}],"wp:attachment":[{"href":"https:\/\/mullirivjeter.al\/en\/wp-json\/wp\/v2\/media?parent=25210"}],"curies":[{"name":"wp","href":"https:\/\/api.w.org\/{rel}","templated":true}]}}