{"id":25201,"date":"2025-08-14T15:41:20","date_gmt":"2025-08-14T13:41:20","guid":{"rendered":"https:\/\/mullirivjeter.al\/?post_type=product&#038;p=25201"},"modified":"2025-08-14T15:43:45","modified_gmt":"2025-08-14T13:43:45","slug":"mulliri-espresso-dekaf-18-cialde","status":"publish","type":"product","link":"https:\/\/mullirivjeter.al\/en\/product\/mulliri-espresso-dekaf-18-cialde\/","title":{"rendered":"Mulliri\u00ae Espresso Dekaf 18 Cialde"},"content":{"rendered":"<div class=\"vc_row wpb_row vc_row-fluid edgtf-section edgtf-content-aligment-left\" style=\"\"><div class=\"clearfix edgtf-full-section-inner\"><div class=\"wpb_column vc_column_container vc_col-sm-12\"><div class=\"vc_column-inner\"><div class=\"wpb_wrapper\">\n\t<div class=\"wpb_text_column wpb_content_element\" >\n\t\t<div class=\"wpb_wrapper\">\n\t\t\t<p>Kafe ekspres pa kafein\u00eb n\u00eb bustin\u00eb monodoz\u00eb nj\u00ebp\u00ebrdorimshe.<\/p>\n<p>T\u00eb p\u00ebrshtatshme p\u00ebr makinerit\u00eb me bustina E.S.E 44mm.<\/p>\n\n\t\t<\/div>\n\t<\/div>\n<\/div><\/div><\/div><\/div><\/div>","protected":false},"excerpt":{"rendered":"<div class=\"woocommerce-product-details__short-description\">\n<div class=\"page\" title=\"Page 4\">\n<div class=\"section\">\n<div class=\"layoutArea\">\n<div class=\"column\">\n<div class=\"page\" title=\"Page 9\">\n<div class=\"section\">\n<div class=\"layoutArea\">\n<div class=\"column\">\n<p>E bute\u0308 dhe e ekuilibruar, Dekaf e\u0308shte\u0308 pe\u0308rzierje e kafeve te\u0308 pe\u0308rzgjedhura nga origjina te\u0308 ndryshme ne\u0308 bote\u0308, pe\u0308r c\u0327doke\u0308nd ne\u0308 ke\u0308rkim te\u0308 nje\u0308 eksperience origjinale kafeje, por pa efektet e kafeine\u0308s.<\/p>\n<\/div>\n<\/div>\n<\/div>\n<\/div>\n<\/div>\n<\/div>\n<\/div>\n<\/div>\n<\/div>","protected":false},"featured_media":25191,"template":"","meta":{"_monsterinsights_skip_tracking":false,"_monsterinsights_sitenote_active":false,"_monsterinsights_sitenote_note":"","_monsterinsights_sitenote_category":0},"_links":{"self":[{"href":"https:\/\/mullirivjeter.al\/en\/wp-json\/wp\/v2\/product\/25201"}],"collection":[{"href":"https:\/\/mullirivjeter.al\/en\/wp-json\/wp\/v2\/product"}],"about":[{"href":"https:\/\/mullirivjeter.al\/en\/wp-json\/wp\/v2\/types\/product"}],"wp:featuredmedia":[{"embeddable":true,"href":"https:\/\/mullirivjeter.al\/en\/wp-json\/wp\/v2\/media\/25191"}],"wp:attachment":[{"href":"https:\/\/mullirivjeter.al\/en\/wp-json\/wp\/v2\/media?parent=25201"}],"curies":[{"name":"wp","href":"https:\/\/api.w.org\/{rel}","templated":true}]}}