{"id":25199,"date":"2025-08-14T15:34:21","date_gmt":"2025-08-14T13:34:21","guid":{"rendered":"https:\/\/mullirivjeter.al\/?post_type=product&#038;p=25199"},"modified":"2025-08-14T15:41:00","modified_gmt":"2025-08-14T13:41:00","slug":"mulliri-espresso-colombia-18-cialde","status":"publish","type":"product","link":"https:\/\/mullirivjeter.al\/en\/product\/mulliri-espresso-colombia-18-cialde\/","title":{"rendered":"Mulliri\u00ae Espresso Colombia 18 Cialde"},"content":{"rendered":"<div class=\"vc_row wpb_row vc_row-fluid edgtf-section edgtf-content-aligment-left\" style=\"\"><div class=\"clearfix edgtf-full-section-inner\"><div class=\"wpb_column vc_column_container vc_col-sm-12\"><div class=\"vc_column-inner\"><div class=\"wpb_wrapper\">\n\t<div class=\"wpb_text_column wpb_content_element\" >\n\t\t<div class=\"wpb_wrapper\">\n\t\t\t<p>Kafe ekspres n\u00eb bustin\u00eb monodoz\u00eb nj\u00ebp\u00ebrdorimshe.<\/p>\n<p>T\u00eb p\u00ebrshtatshme p\u00ebr makinerit\u00eb me bustina E.S.E 44mm.<\/p>\n\n\t\t<\/div>\n\t<\/div>\n<\/div><\/div><\/div><\/div><\/div>","protected":false},"excerpt":{"rendered":"<div class=\"woocommerce-product-details__short-description\">\n<div class=\"page\" title=\"Page 4\">\n<div class=\"section\">\n<div class=\"layoutArea\">\n<div class=\"column\">\n<p>Me nje\u0308 trup mesatar dhe aciditet te\u0308 moderuar, nuancat e ke\u0308ndshme frutore jane\u0308 zemra e ke\u0308saj kafeje. Ato pe\u0308rfundojne\u0308 me nje\u0308 shije te\u0308 zgjatur te\u0308 c\u0327okollate\u0308s se\u0308 zeze\u0308, duke krijuar nje\u0308 filxhan me nje\u0308 balance\u0308 te\u0308 shke\u0308lqyer shijeje, e cila e\u0308shte\u0308 edhe arsyeja pse kjo kafe e\u0308shte\u0308 nje\u0308 prej me\u0308 te\u0308 ke\u0308rkuarave ne\u0308 bote\u0308.<\/p>\n<\/div>\n<\/div>\n<\/div>\n<\/div>\n<\/div>","protected":false},"featured_media":25190,"template":"","meta":{"_monsterinsights_skip_tracking":false,"_monsterinsights_sitenote_active":false,"_monsterinsights_sitenote_note":"","_monsterinsights_sitenote_category":0},"_links":{"self":[{"href":"https:\/\/mullirivjeter.al\/en\/wp-json\/wp\/v2\/product\/25199"}],"collection":[{"href":"https:\/\/mullirivjeter.al\/en\/wp-json\/wp\/v2\/product"}],"about":[{"href":"https:\/\/mullirivjeter.al\/en\/wp-json\/wp\/v2\/types\/product"}],"wp:featuredmedia":[{"embeddable":true,"href":"https:\/\/mullirivjeter.al\/en\/wp-json\/wp\/v2\/media\/25190"}],"wp:attachment":[{"href":"https:\/\/mullirivjeter.al\/en\/wp-json\/wp\/v2\/media?parent=25199"}],"curies":[{"name":"wp","href":"https:\/\/api.w.org\/{rel}","templated":true}]}}