{"id":25198,"date":"2025-08-14T15:31:12","date_gmt":"2025-08-14T13:31:12","guid":{"rendered":"https:\/\/mullirivjeter.al\/?post_type=product&#038;p=25198"},"modified":"2025-08-14T15:33:58","modified_gmt":"2025-08-14T13:33:58","slug":"mulliri-espresso-ethiopia-18-cialde","status":"publish","type":"product","link":"https:\/\/mullirivjeter.al\/en\/product\/mulliri-espresso-ethiopia-18-cialde\/","title":{"rendered":"Mulliri\u00ae Espresso Ethiopia 18 Cialde"},"content":{"rendered":"<div class=\"vc_row wpb_row vc_row-fluid edgtf-section edgtf-content-aligment-left\" style=\"\"><div class=\"clearfix edgtf-full-section-inner\"><div class=\"wpb_column vc_column_container vc_col-sm-12\"><div class=\"vc_column-inner\"><div class=\"wpb_wrapper\">\n\t<div class=\"wpb_text_column wpb_content_element\" >\n\t\t<div class=\"wpb_wrapper\">\n\t\t\t<p>Kafe ekspres n\u00eb bustin\u00eb monodoz\u00eb nj\u00ebp\u00ebrdorimshe.<\/p>\n<p>T\u00eb p\u00ebrshtatshme p\u00ebr makinerit\u00eb me bustina E.S.E 44mm.<\/p>\n\n\t\t<\/div>\n\t<\/div>\n<\/div><\/div><\/div><\/div><\/div>","protected":false},"excerpt":{"rendered":"<div class=\"woocommerce-product-details__short-description\">\n<p class=\"p1\">Aroma e k\u00ebndshme e luleve, e cila merr leht\u00ebsisht v\u00ebmendjen me shijim t\u00eb par\u00eb, shoq\u00ebrohet nga nuancat e dallueshme t\u00eb frutave q\u00eb vijn\u00eb si rezultat i procesit natyral t\u00eb p\u00ebrpunimit. Pas-shija e saj \u201ck\u00ebmb\u00ebngul\u00ebse\u201d karakterizohet nga nuancat e frutave dhe er\u00ebzave t\u00eb nxehta.<\/p>\n<\/div>","protected":false},"featured_media":25192,"template":"","meta":{"_monsterinsights_skip_tracking":false,"_monsterinsights_sitenote_active":false,"_monsterinsights_sitenote_note":"","_monsterinsights_sitenote_category":0},"_links":{"self":[{"href":"https:\/\/mullirivjeter.al\/en\/wp-json\/wp\/v2\/product\/25198"}],"collection":[{"href":"https:\/\/mullirivjeter.al\/en\/wp-json\/wp\/v2\/product"}],"about":[{"href":"https:\/\/mullirivjeter.al\/en\/wp-json\/wp\/v2\/types\/product"}],"wp:featuredmedia":[{"embeddable":true,"href":"https:\/\/mullirivjeter.al\/en\/wp-json\/wp\/v2\/media\/25192"}],"wp:attachment":[{"href":"https:\/\/mullirivjeter.al\/en\/wp-json\/wp\/v2\/media?parent=25198"}],"curies":[{"name":"wp","href":"https:\/\/api.w.org\/{rel}","templated":true}]}}