{"id":25197,"date":"2025-08-14T15:28:21","date_gmt":"2025-08-14T13:28:21","guid":{"rendered":"https:\/\/mullirivjeter.al\/?post_type=product&#038;p=25197"},"modified":"2025-08-14T15:29:14","modified_gmt":"2025-08-14T13:29:14","slug":"mulliri-espresso-india-18-cialde","status":"publish","type":"product","link":"https:\/\/mullirivjeter.al\/en\/product\/mulliri-espresso-india-18-cialde\/","title":{"rendered":"Mulliri\u00ae Espresso India 18 Cialde"},"content":{"rendered":"<div class=\"vc_row wpb_row vc_row-fluid edgtf-section edgtf-content-aligment-left\" style=\"\"><div class=\"clearfix edgtf-full-section-inner\"><div class=\"wpb_column vc_column_container vc_col-sm-12\"><div class=\"vc_column-inner\"><div class=\"wpb_wrapper\">\n\t<div class=\"wpb_text_column wpb_content_element\" >\n\t\t<div class=\"wpb_wrapper\">\n\t\t\t<p>Kafe ekspres n\u00eb bustin\u00eb monodoz\u00eb nj\u00ebp\u00ebrdorimshe.<\/p>\n<p>T\u00eb p\u00ebrshtatshme p\u00ebr makinerit\u00eb me bustina E.S.E 44mm.<\/p>\n\n\t\t<\/div>\n\t<\/div>\n<\/div><\/div><\/div><\/div><\/div>","protected":false},"excerpt":{"rendered":"<p>Nj\u00eb prej kafeve robusta m\u00eb cil\u00ebsore n\u00eb mbar\u00eb bot\u00ebn, me aciditet t\u00eb ul\u00ebt dhe intensitet t\u00eb lart\u00eb. Nuancat pikante i l\u00ebn\u00eb vendin pas-shijes s\u00eb \u00e7okollat\u00ebs, n\u00eb nj\u00eb filxhan kremoz t\u00eb dedikuar p\u00ebr adhuruesit e kafein\u00ebs.<\/p>","protected":false},"featured_media":25194,"template":"","meta":{"_monsterinsights_skip_tracking":false,"_monsterinsights_sitenote_active":false,"_monsterinsights_sitenote_note":"","_monsterinsights_sitenote_category":0},"_links":{"self":[{"href":"https:\/\/mullirivjeter.al\/en\/wp-json\/wp\/v2\/product\/25197"}],"collection":[{"href":"https:\/\/mullirivjeter.al\/en\/wp-json\/wp\/v2\/product"}],"about":[{"href":"https:\/\/mullirivjeter.al\/en\/wp-json\/wp\/v2\/types\/product"}],"wp:featuredmedia":[{"embeddable":true,"href":"https:\/\/mullirivjeter.al\/en\/wp-json\/wp\/v2\/media\/25194"}],"wp:attachment":[{"href":"https:\/\/mullirivjeter.al\/en\/wp-json\/wp\/v2\/media?parent=25197"}],"curies":[{"name":"wp","href":"https:\/\/api.w.org\/{rel}","templated":true}]}}