{"id":25196,"date":"2025-08-14T15:26:07","date_gmt":"2025-08-14T13:26:07","guid":{"rendered":"https:\/\/mullirivjeter.al\/?post_type=product&#038;p=25196"},"modified":"2025-08-14T15:28:05","modified_gmt":"2025-08-14T13:28:05","slug":"mulliri-espresso-brazil-18-cialde","status":"publish","type":"product","link":"https:\/\/mullirivjeter.al\/en\/product\/mulliri-espresso-brazil-18-cialde\/","title":{"rendered":"Mulliri\u00ae Espresso Brazil 18 Cialde"},"content":{"rendered":"<div class=\"vc_row wpb_row vc_row-fluid edgtf-section edgtf-content-aligment-left\" style=\"\"><div class=\"clearfix edgtf-full-section-inner\"><div class=\"wpb_column vc_column_container vc_col-sm-12\"><div class=\"vc_column-inner\"><div class=\"wpb_wrapper\">\n\t<div class=\"wpb_text_column wpb_content_element\" >\n\t\t<div class=\"wpb_wrapper\">\n\t\t\t<p>Kafe ekspres n\u00eb bustin\u00eb monodoz\u00eb nj\u00ebp\u00ebrdorimshe.<\/p>\n<p>T\u00eb p\u00ebrshtatshme p\u00ebr makinerit\u00eb me bustina E.S.E 44mm.<\/p>\n\n\t\t<\/div>\n\t<\/div>\n<\/div><\/div><\/div><\/div><\/div>","protected":false},"excerpt":{"rendered":"<p>Nj\u00eb filxhan kremoz dhe i \u00ebmb\u00ebl me nuanca t\u00eb mir\u00eb-ekuilibruara t\u00eb maltit, qum\u00ebshtit dhe \u00e7okollat\u00ebs s\u00eb zez\u00eb; kjo e fundit e p\u00ebrforcuar edhe nga pjekja e fort\u00eb q\u00eb zgjidhet p\u00ebr k\u00ebt\u00eb kafe. Pas-shija fal aroma drith\u00ebrash dhe lajthish t\u00eb pjekura, duke krijuar n\u00eb t\u00ebr\u00ebsi nj\u00eb kafe tipike braziliane t\u00eb cil\u00ebsis\u00eb s\u00eb lart\u00eb.<\/p>","protected":false},"featured_media":25189,"template":"","meta":{"_monsterinsights_skip_tracking":false,"_monsterinsights_sitenote_active":false,"_monsterinsights_sitenote_note":"","_monsterinsights_sitenote_category":0},"_links":{"self":[{"href":"https:\/\/mullirivjeter.al\/en\/wp-json\/wp\/v2\/product\/25196"}],"collection":[{"href":"https:\/\/mullirivjeter.al\/en\/wp-json\/wp\/v2\/product"}],"about":[{"href":"https:\/\/mullirivjeter.al\/en\/wp-json\/wp\/v2\/types\/product"}],"wp:featuredmedia":[{"embeddable":true,"href":"https:\/\/mullirivjeter.al\/en\/wp-json\/wp\/v2\/media\/25189"}],"wp:attachment":[{"href":"https:\/\/mullirivjeter.al\/en\/wp-json\/wp\/v2\/media?parent=25196"}],"curies":[{"name":"wp","href":"https:\/\/api.w.org\/{rel}","templated":true}]}}