{"id":24953,"date":"2022-08-02T10:11:40","date_gmt":"2022-08-02T08:11:40","guid":{"rendered":"https:\/\/mullirivjeter.al\/?post_type=product&#038;p=24953"},"modified":"2022-10-07T11:29:16","modified_gmt":"2022-10-07T09:29:16","slug":"mulliri-espresso-oro-10-kapsula-nespresso-original-compatible","status":"publish","type":"product","link":"https:\/\/mullirivjeter.al\/en\/product\/mulliri-espresso-oro-10-kapsula-nespresso-original-compatible\/","title":{"rendered":"Mulliri\u00ae Espresso Oro 10 Kapsula Nespresso Original\u00ae Compatible"},"content":{"rendered":"","protected":false},"excerpt":{"rendered":"<p class=\"p1\">Oro \u00ebsht\u00eb rezultat i p\u00ebrpjekjeve t\u00eb vazhduara t\u00eb mjeshtrave tan\u00eb t\u00eb pjekjes, p\u00ebr t\u00eb sjell\u00eb n\u00eb jet\u00eb nj\u00eb p\u00ebrzierje unike kafeje. N\u00eb t\u00eb mbizoterojn\u00eb delikatesa dhe \u00ebmb\u00eblsia e kafes arabike, teksa prania e kafeve robusta m\u00eb cil\u00ebsore vjen p\u00ebr t\u00eb siguruar kremozitetin dhe balanc\u00ebn e shijes q\u00eb karakterizon nj\u00eb kafe t\u00eb mirefillt\u00eb ekspresi.<\/p>","protected":false},"featured_media":24941,"template":"","meta":{"_monsterinsights_skip_tracking":false,"_monsterinsights_sitenote_active":false,"_monsterinsights_sitenote_note":"","_monsterinsights_sitenote_category":0},"_links":{"self":[{"href":"https:\/\/mullirivjeter.al\/en\/wp-json\/wp\/v2\/product\/24953"}],"collection":[{"href":"https:\/\/mullirivjeter.al\/en\/wp-json\/wp\/v2\/product"}],"about":[{"href":"https:\/\/mullirivjeter.al\/en\/wp-json\/wp\/v2\/types\/product"}],"wp:featuredmedia":[{"embeddable":true,"href":"https:\/\/mullirivjeter.al\/en\/wp-json\/wp\/v2\/media\/24941"}],"wp:attachment":[{"href":"https:\/\/mullirivjeter.al\/en\/wp-json\/wp\/v2\/media?parent=24953"}],"curies":[{"name":"wp","href":"https:\/\/api.w.org\/{rel}","templated":true}]}}