{"id":24952,"date":"2022-08-02T10:07:52","date_gmt":"2022-08-02T08:07:52","guid":{"rendered":"https:\/\/mullirivjeter.al\/?post_type=product&#038;p=24952"},"modified":"2022-10-07T11:29:35","modified_gmt":"2022-10-07T09:29:35","slug":"mulliri-espresso-brazil-10-kapsula-nespresso-original-compatible-2","status":"publish","type":"product","link":"https:\/\/mullirivjeter.al\/en\/product\/mulliri-espresso-brazil-10-kapsula-nespresso-original-compatible-2\/","title":{"rendered":"Mulliri\u00ae Espresso India 10 Kapsula Nespresso Original\u00ae Compatible"},"content":{"rendered":"","protected":false},"excerpt":{"rendered":"<p>Nj\u00eb prej kafeve robusta m\u00eb cil\u00ebsore n\u00eb mbar\u00eb bot\u00ebn, me aciditet t\u00eb ul\u00ebt dhe intensitet t\u00eb lart\u00eb. Nuancat pikante i l\u00ebn\u00eb vendin pas-shijes s\u00eb \u00e7okollat\u00ebs, n\u00eb nj\u00eb filxhan kremoz t\u00eb dedikuar p\u00ebr adhuruesit e kafein\u00ebs.<\/p>","protected":false},"featured_media":24942,"template":"","meta":{"_monsterinsights_skip_tracking":false,"_monsterinsights_sitenote_active":false,"_monsterinsights_sitenote_note":"","_monsterinsights_sitenote_category":0},"_links":{"self":[{"href":"https:\/\/mullirivjeter.al\/en\/wp-json\/wp\/v2\/product\/24952"}],"collection":[{"href":"https:\/\/mullirivjeter.al\/en\/wp-json\/wp\/v2\/product"}],"about":[{"href":"https:\/\/mullirivjeter.al\/en\/wp-json\/wp\/v2\/types\/product"}],"wp:featuredmedia":[{"embeddable":true,"href":"https:\/\/mullirivjeter.al\/en\/wp-json\/wp\/v2\/media\/24942"}],"wp:attachment":[{"href":"https:\/\/mullirivjeter.al\/en\/wp-json\/wp\/v2\/media?parent=24952"}],"curies":[{"name":"wp","href":"https:\/\/api.w.org\/{rel}","templated":true}]}}