{"id":24948,"date":"2022-08-02T09:54:34","date_gmt":"2022-08-02T07:54:34","guid":{"rendered":"https:\/\/mullirivjeter.al\/?post_type=product&#038;p=24948"},"modified":"2022-08-02T10:13:18","modified_gmt":"2022-08-02T08:13:18","slug":"mulliri-espresso-ethiopia-10-kapsula-nespresso-original-compatible","status":"publish","type":"product","link":"https:\/\/mullirivjeter.al\/en\/product\/mulliri-espresso-ethiopia-10-kapsula-nespresso-original-compatible\/","title":{"rendered":"Mulliri\u00ae Espresso Ethiopia 10 Kapsula Nespresso Original\u00ae Compatible"},"content":{"rendered":"","protected":false},"excerpt":{"rendered":"<p class=\"p1\">Aroma e k\u00ebndshme e luleve, e cila merr leht\u00ebsisht v\u00ebmendjen me shijim t\u00eb par\u00eb, shoq\u00ebrohet nga nuancat e dallueshme t\u00eb frutave q\u00eb vijn\u00eb si rezultat i procesit natyral t\u00eb p\u00ebrpunimit. Pas-shija e saj \u201ck\u00ebmb\u00ebngul\u00ebse\u201d karakterizohet nga nuancat e frutave dhe er\u00ebzave t\u00eb nxehta.<\/p>","protected":false},"featured_media":24943,"template":"","meta":{"_monsterinsights_skip_tracking":false,"_monsterinsights_sitenote_active":false,"_monsterinsights_sitenote_note":"","_monsterinsights_sitenote_category":0},"_links":{"self":[{"href":"https:\/\/mullirivjeter.al\/en\/wp-json\/wp\/v2\/product\/24948"}],"collection":[{"href":"https:\/\/mullirivjeter.al\/en\/wp-json\/wp\/v2\/product"}],"about":[{"href":"https:\/\/mullirivjeter.al\/en\/wp-json\/wp\/v2\/types\/product"}],"wp:featuredmedia":[{"embeddable":true,"href":"https:\/\/mullirivjeter.al\/en\/wp-json\/wp\/v2\/media\/24943"}],"wp:attachment":[{"href":"https:\/\/mullirivjeter.al\/en\/wp-json\/wp\/v2\/media?parent=24948"}],"curies":[{"name":"wp","href":"https:\/\/api.w.org\/{rel}","templated":true}]}}