{"id":22859,"date":"2021-10-02T12:23:01","date_gmt":"2021-10-02T10:23:01","guid":{"rendered":"https:\/\/mullirivjeter.al\/?post_type=product&#038;p=22859"},"modified":"2021-10-02T12:29:19","modified_gmt":"2021-10-02T10:29:19","slug":"mulliri-espresso-grande-crema-16-kapsula-nescafe-dolce-gusto-compatible","status":"publish","type":"product","link":"https:\/\/mullirivjeter.al\/en\/product\/mulliri-espresso-grande-crema-16-kapsula-nescafe-dolce-gusto-compatible\/","title":{"rendered":"Mulliri\u00ae Espresso Grande Crema 16 Kapsula Nescafe\u00ae Dolce Gusto\u00ae Compatible"},"content":{"rendered":"<p>Single-serve FAP coffee capsules.<\/p>\n<p>T\u00eb p\u00ebrshtatshme p\u00ebr makinerit\u00eb Nescafe\u00ae Dolce Gusto\u00ae*.<\/p>\n<p>*Marka tregtare nuk i p\u00ebrket kompanis\u00eb Mulliri i Vjeter Shpk dhe firmave t\u00eb lidhura me t\u00eb.<\/p>","protected":false},"excerpt":{"rendered":"<p>Kafe Ekspres n\u00eb kapsul\u00eb monodoz\u00eb nj\u00eb p\u00ebrdorimshe. T\u00eb p\u00ebrshtatshme p\u00ebr makinerit\u00eb Nescafe\u00ae Dolce Gusto\u00ae*. *Marka tregtare nuk i p\u00ebrket kompanis\u00eb Mulliri i Vjeter Shpk dhe firmave t\u00eb lidhura me t\u00eb.<\/p>","protected":false},"featured_media":22860,"template":"","meta":{"_monsterinsights_skip_tracking":false,"_monsterinsights_sitenote_active":false,"_monsterinsights_sitenote_note":"","_monsterinsights_sitenote_category":0},"_links":{"self":[{"href":"https:\/\/mullirivjeter.al\/en\/wp-json\/wp\/v2\/product\/22859"}],"collection":[{"href":"https:\/\/mullirivjeter.al\/en\/wp-json\/wp\/v2\/product"}],"about":[{"href":"https:\/\/mullirivjeter.al\/en\/wp-json\/wp\/v2\/types\/product"}],"wp:featuredmedia":[{"embeddable":true,"href":"https:\/\/mullirivjeter.al\/en\/wp-json\/wp\/v2\/media\/22860"}],"wp:attachment":[{"href":"https:\/\/mullirivjeter.al\/en\/wp-json\/wp\/v2\/media?parent=22859"}],"curies":[{"name":"wp","href":"https:\/\/api.w.org\/{rel}","templated":true}]}}