{"id":15656,"date":"2021-05-03T13:29:32","date_gmt":"2021-05-03T11:29:32","guid":{"rendered":"https:\/\/mullirivjeter.al\/?post_type=product&#038;p=15656"},"modified":"2025-02-10T15:28:04","modified_gmt":"2025-02-10T14:28:04","slug":"gourmet","status":"publish","type":"product","link":"https:\/\/mullirivjeter.al\/en\/product\/gourmet\/","title":{"rendered":"Gourmet (Special House Blend)"},"content":{"rendered":"","protected":false},"excerpt":{"rendered":"[vc_row][vc_column][edgtf_custom_font font_family=\"Montserrat\" font_size=\"24\" line_height=\"30\" font_weight=\"600\" color=\"#000000\"]2,800 Lek\u00eb \/ kg[\/edgtf_custom_font][edgtf_custom_font font_family=\"Montserrat\" font_size=\"16\" line_height=\"30\" font_weight=\"600\" color=\"#000000\"]Rezultat i p\u00ebrzierjeve t\u00eb kulturave m\u00eb t\u00eb mira t\u00eb kafeve arabike.[\/edgtf_custom_font][vc_empty_space height=\"15px\"][edgtf_separator position=\"left\" width=\"110px\" thickness=\"1\"][vc_empty_space][edgtf_custom_font font_family=\"Montserrat\" font_size=\"24\" line_height=\"20\" font_weight=\"700\"]Bluarja[\/edgtf_custom_font][vc_empty_space height=\"20px\"][vc_column_text]Kok\u00ebrr ose e bluar per t&#8217;ju p\u00ebrshtatur makineris\u00eb suaj (me lug\u00eb, moka, filt\u00ebr, french press, etj.)[\/vc_column_text][vc_empty_space][edgtf_custom_font font_family=\"Montserrat\" font_size=\"24\" line_height=\"20\" font_weight=\"700\"]Sasia[\/edgtf_custom_font][vc_empty_space height=\"20px\"][vc_column_text]Sasia minimale e porosis\u00eb \u00ebsht\u00eb 100gr. Kafja mund t\u00eb ndahet n\u00eb paketime t\u00eb vogla p\u00ebr t\u00eb ruajtur freskin\u00eb.[\/vc_column_text][\/vc_column][\/vc_row]","protected":false},"featured_media":15657,"template":"","meta":{"_monsterinsights_skip_tracking":false,"_monsterinsights_sitenote_active":false,"_monsterinsights_sitenote_note":"","_monsterinsights_sitenote_category":0},"_links":{"self":[{"href":"https:\/\/mullirivjeter.al\/en\/wp-json\/wp\/v2\/product\/15656"}],"collection":[{"href":"https:\/\/mullirivjeter.al\/en\/wp-json\/wp\/v2\/product"}],"about":[{"href":"https:\/\/mullirivjeter.al\/en\/wp-json\/wp\/v2\/types\/product"}],"wp:featuredmedia":[{"embeddable":true,"href":"https:\/\/mullirivjeter.al\/en\/wp-json\/wp\/v2\/media\/15657"}],"wp:attachment":[{"href":"https:\/\/mullirivjeter.al\/en\/wp-json\/wp\/v2\/media?parent=15656"}],"curies":[{"name":"wp","href":"https:\/\/api.w.org\/{rel}","templated":true}]}}