{"id":14833,"date":"2020-06-22T10:45:53","date_gmt":"2020-06-22T10:45:53","guid":{"rendered":"https:\/\/mullirivjeter.al\/?post_type=product&#038;p=14833"},"modified":"2021-05-26T16:52:53","modified_gmt":"2021-05-26T14:52:53","slug":"mulliri-espresso-armonia-16-kapsula-caffitaly-system","status":"publish","type":"product","link":"https:\/\/mullirivjeter.al\/en\/product\/mulliri-espresso-armonia-16-kapsula-caffitaly-system\/","title":{"rendered":"Mulliri\u00ae Espresso Armonia 16 Kapsula Caffitaly System\u00ae"},"content":{"rendered":"<p>Single-serve FAP coffee capsules.<\/p>\n<p>T\u00eb p\u00ebrshtatshme p\u00ebr makinerit\u00eb Caffitaly System\u00ae*.<\/p>\n<p>*Marka tregtare nuk i p\u00ebrket kompanis\u00eb Mulliri i Vjeter Shpk dhe firmave t\u00eb lidhura me t\u00eb.<\/p>","protected":false},"excerpt":{"rendered":"<p>Kafe Ekspres n\u00eb kapsul\u00eb monodoz\u00eb nj\u00eb p\u00ebrdorimshe. T\u00eb p\u00ebrshtatshme p\u00ebr makinerit\u00eb Caffitaly System\u00ae*. *Marka tregtare nuk i p\u00ebrket kompanis\u00eb Mulliri i Vjeter Shpk dhe firmave t\u00eb lidhura me t\u00eb.<\/p>","protected":false},"featured_media":14834,"template":"","meta":{"_monsterinsights_skip_tracking":false,"_monsterinsights_sitenote_active":false,"_monsterinsights_sitenote_note":"","_monsterinsights_sitenote_category":0},"_links":{"self":[{"href":"https:\/\/mullirivjeter.al\/en\/wp-json\/wp\/v2\/product\/14833"}],"collection":[{"href":"https:\/\/mullirivjeter.al\/en\/wp-json\/wp\/v2\/product"}],"about":[{"href":"https:\/\/mullirivjeter.al\/en\/wp-json\/wp\/v2\/types\/product"}],"wp:featuredmedia":[{"embeddable":true,"href":"https:\/\/mullirivjeter.al\/en\/wp-json\/wp\/v2\/media\/14834"}],"wp:attachment":[{"href":"https:\/\/mullirivjeter.al\/en\/wp-json\/wp\/v2\/media?parent=14833"}],"curies":[{"name":"wp","href":"https:\/\/api.w.org\/{rel}","templated":true}]}}