{"id":14814,"date":"2020-05-14T12:39:13","date_gmt":"2020-05-14T12:39:13","guid":{"rendered":"https:\/\/mullirivjeter.al\/?post_type=product&#038;p=14814"},"modified":"2021-05-26T16:52:50","modified_gmt":"2021-05-26T14:52:50","slug":"mulliri-espresso-barista-18-kapsula-lavazza-a-modo-mio-compatible","status":"publish","type":"product","link":"https:\/\/mullirivjeter.al\/en\/product\/mulliri-espresso-barista-18-kapsula-lavazza-a-modo-mio-compatible\/","title":{"rendered":"Mulliri\u00ae Espresso Barista 20 Kapsula Lavazza A Modo Mio\u00ae Compatible"},"content":{"rendered":"<p>Single-serve FAP coffee capsules.<\/p>\n<p>T\u00eb p\u00ebrshtatshme p\u00ebr makinerit\u00eb Lavazza A Modo Mio\u00ae*.<\/p>\n<p>*Marka tregtare nuk i p\u00ebrket kompanis\u00eb Mulliri i Vjeter Shpk dhe firmave t\u00eb lidhura me t\u00eb.<\/p>","protected":false},"excerpt":{"rendered":"<p>Kafe Ekspres n\u00eb kapsul\u00eb monodoz\u00eb nj\u00eb p\u00ebrdorimshe. T\u00eb p\u00ebrshtatshme p\u00ebr makinerit\u00eb Lavazza A Modo Mio\u00ae*. *Marka tregtare nuk i p\u00ebrket kompanis\u00eb Mulliri i Vjeter Shpk dhe firmave t\u00eb lidhura me t\u00eb.<\/p>","protected":false},"featured_media":14815,"template":"","meta":{"_monsterinsights_skip_tracking":false,"_monsterinsights_sitenote_active":false,"_monsterinsights_sitenote_note":"","_monsterinsights_sitenote_category":0},"_links":{"self":[{"href":"https:\/\/mullirivjeter.al\/en\/wp-json\/wp\/v2\/product\/14814"}],"collection":[{"href":"https:\/\/mullirivjeter.al\/en\/wp-json\/wp\/v2\/product"}],"about":[{"href":"https:\/\/mullirivjeter.al\/en\/wp-json\/wp\/v2\/types\/product"}],"wp:featuredmedia":[{"embeddable":true,"href":"https:\/\/mullirivjeter.al\/en\/wp-json\/wp\/v2\/media\/14815"}],"wp:attachment":[{"href":"https:\/\/mullirivjeter.al\/en\/wp-json\/wp\/v2\/media?parent=14814"}],"curies":[{"name":"wp","href":"https:\/\/api.w.org\/{rel}","templated":true}]}}