{"id":15682,"date":"2021-05-04T13:54:44","date_gmt":"2021-05-04T11:54:44","guid":{"rendered":"https:\/\/mullirivjeter.al\/?page_id=15682"},"modified":"2025-08-14T16:19:18","modified_gmt":"2025-08-14T14:19:18","slug":"kapsula","status":"publish","type":"page","link":"https:\/\/mullirivjeter.al\/en\/kapsula\/","title":{"rendered":"Capsules"},"content":{"rendered":"<section data-vc-full-width=\"true\" data-vc-full-width-init=\"false\" data-vc-stretch-content=\"true\" class=\"vc_section\"><div class=\"vc_row wpb_row vc_row-fluid edgtf-section edgtf-content-aligment-left\" style=\"\"><div class=\"clearfix edgtf-full-section-inner\"><div class=\"wpb_column vc_column_container vc_col-sm-6 vc_col-has-fill\"><div class=\"vc_column-inner vc_custom_1683646082032\"><div class=\"wpb_wrapper\"><div class=\"vc_empty_space\"   style=\"height: 32px\"><span class=\"vc_empty_space_inner\"><\/span><\/div>\n<div class=\"edgtf-custom-font-holder\" style=\"font-family: MONTSERRAT;font-size: 50px;line-height: 55px;font-weight: 800;color: #ffffff\" data-font-size= \"50\" data-line-height= \"55\">\n\tREZERVO NJ\u00cb TAKIM DHE PROVO FALAS T\u00cb GJITHA SHIJET E KAPSULAVE.\t<\/div><div class=\"vc_empty_space\"   style=\"height: 32px\"><span class=\"vc_empty_space_inner\"><\/span><\/div>\n<div class=\"edgtf-custom-font-holder\" style=\"font-family: MONTSERRAT;font-size: 15px;line-height: 26px;font-weight: 400;color: #ffffff\" data-font-size= \"15\" data-line-height= \"26\">\n\tPlot\u00ebsoni t\u00eb dh\u00ebnat e m\u00ebposhtme dhe ne do t&#8217;ju kontaktojm\u00eb s\u00eb shpejti p\u00ebr t\u00eb caktuar nj\u00eb takim n\u00eb ambientet tuaja. Ju do t\u00eb keni mund\u00ebsin\u00eb t\u00eb provoni t\u00eb gjitha shijet e kapsulave tona dhe s\u00eb bashku do t\u00eb krijojme nj\u00eb oferte t\u00eb p\u00ebrshtatshme posa\u00e7\u00ebrisht p\u00ebr biznesin tuaj.\t<\/div><div class=\"vc_empty_space\"   style=\"height: 5px\"><span class=\"vc_empty_space_inner\"><\/span><\/div><div id=\"cf7cstmzr-form\" class=\"cf7cstmzr-form-25066 cf7cstmzr-form\"><div role=\"form\" class=\"wpcf7\" id=\"wpcf7-f25066-o1\" lang=\"en-US\" dir=\"ltr\">\n<div class=\"screen-reader-response\"><\/div>\n<form action=\"\/en\/wp-json\/wp\/v2\/pages\/15682#wpcf7-f25066-o1\" method=\"post\" class=\"wpcf7-form\" novalidate=\"novalidate\" data-trp-original-action=\"\/en\/wp-json\/wp\/v2\/pages\/15682#wpcf7-f25066-o1\">\n<div style=\"display: none;\">\n<input type=\"hidden\" name=\"_wpcf7\" value=\"25066\" \/>\n<input type=\"hidden\" name=\"_wpcf7_version\" value=\"5.0.5\" \/>\n<input type=\"hidden\" name=\"_wpcf7_locale\" value=\"en_US\" \/>\n<input type=\"hidden\" name=\"_wpcf7_unit_tag\" value=\"wpcf7-f25066-o1\" \/>\n<input type=\"hidden\" name=\"_wpcf7_container_post\" value=\"0\" \/>\n<\/div>\n<p><label> Emri i Plot\u00eb<br \/>\n    <span class=\"wpcf7-form-control-wrap your-name\"><input type=\"text\" name=\"your-name\" value=\"\" size=\"40\" class=\"wpcf7-form-control wpcf7-text wpcf7-validates-as-required\" aria-required=\"true\" aria-invalid=\"false\" \/><\/span> <\/label><\/p>\n<p><label> Adresa e Email-it<br \/>\n    <span class=\"wpcf7-form-control-wrap your-email\"><input type=\"email\" name=\"your-email\" value=\"\" size=\"40\" class=\"wpcf7-form-control wpcf7-text wpcf7-email wpcf7-validates-as-required wpcf7-validates-as-email\" aria-required=\"true\" aria-invalid=\"false\" \/><\/span> <\/label><\/p>\n<p><label> Numri i Kontaktit<br \/>\n    <span class=\"wpcf7-form-control-wrap your-tel\"><input type=\"tel\" name=\"your-tel\" value=\"\" size=\"40\" class=\"wpcf7-form-control wpcf7-text wpcf7-tel wpcf7-validates-as-required wpcf7-validates-as-tel\" aria-required=\"true\" aria-invalid=\"false\" \/><\/span> <\/label><\/p>\n<p><input type=\"submit\" value=\"D\u00ebrgo\" class=\"wpcf7-form-control wpcf7-submit\" \/><\/p>\n<div class=\"wpcf7-response-output wpcf7-display-none\"><\/div><input type=\"hidden\" name=\"trp-form-language\" value=\"en\"\/><\/form><\/div><\/div><\/div><\/div><\/div><div class=\"wpb_column vc_column_container vc_col-sm-6 vc_col-has-fill\"><div class=\"vc_column-inner vc_custom_1683648139024\"><div class=\"wpb_wrapper\"><\/div><\/div><\/div><\/div><\/div><\/section><div class=\"vc_row-full-width vc_clearfix\"><\/div><div class=\"vc_row wpb_row vc_row-fluid edgtf-section edgtf-content-aligment-left\" style=\"\"><div class=\"clearfix edgtf-full-section-inner\"><div class=\"wpb_column vc_column_container vc_col-sm-12\"><div class=\"vc_column-inner\"><div class=\"wpb_wrapper\"><div class=\"vc_empty_space\"   style=\"height: 40px\"><span class=\"vc_empty_space_inner\"><\/span><\/div>\n<div class=\"edgtf-custom-font-holder\" style=\"font-family: Montserrat;font-size: 26px;line-height: 20px;font-weight: 600;letter-spacing: 8px;text-align: center;color: #939393\" data-font-size= \"26\" data-line-height= \"20\">\n\t\n<p style=\"text-align: center;\">CAPSULES<\/p>\n\t<\/div><div class=\"vc_empty_space\"   style=\"height: 40px\"><span class=\"vc_empty_space_inner\"><\/span><\/div><div class=\"woocommerce columns-3\"><ul class=\"products columns-3\">\n<li class=\"product type-product post-24949 status-publish first instock product_cat-kafe product_cat-kapsule product_cat-pod has-post-thumbnail taxable shipping-taxable purchasable product-type-simple\">\n\t<div class=\"edgtf-product-list-image-wrapper\">\n\t\t\t\t<div class=\"edgtf-product-shader\"><\/div>\n\t\t\t<\/div>\n\t<h6 class=\"edgtf-product-list-product-title\"><a href=\"https:\/\/mullirivjeter.al\/en\/product\/mulliri-espresso-brazil-10-kapsula-nespresso-original-compatible\/\">Mulliri\u00ae Espresso Brazil 10 Kapsula Nespresso Original\u00ae Compatible<\/a><\/h6>\n\t<span class=\"price\"><span class=\"woocommerce-Price-amount amount\"><bdi>390.00&nbsp;<span class=\"woocommerce-Price-currencySymbol\">L<\/span><\/bdi><\/span><\/span>\n\n<\/li>\n<li class=\"product type-product post-24940 status-publish instock product_cat-kafe product_cat-kapsule product_cat-pod has-post-thumbnail taxable shipping-taxable purchasable product-type-simple\">\n\t<div class=\"edgtf-product-list-image-wrapper\">\n\t\t\t\t<div class=\"edgtf-product-shader\"><\/div>\n\t\t\t<\/div>\n\t<h6 class=\"edgtf-product-list-product-title\"><a href=\"https:\/\/mullirivjeter.al\/en\/product\/mulliri-espresso-colombia-10-kapsula-nespresso-original-compatible\/\">Mulliri\u00ae Espresso Colombia 10 Kapsula Nespresso Original\u00ae Compatible<\/a><\/h6>\n\t<span class=\"price\"><span class=\"woocommerce-Price-amount amount\"><bdi>440.00&nbsp;<span class=\"woocommerce-Price-currencySymbol\">L<\/span><\/bdi><\/span><\/span>\n\n<\/li>\n<li class=\"product type-product post-24971 status-publish last instock product_cat-kafe product_cat-kapsule product_cat-pod has-post-thumbnail taxable shipping-taxable purchasable product-type-simple\">\n\t<div class=\"edgtf-product-list-image-wrapper\">\n\t\t\t\t<div class=\"edgtf-product-shader\"><\/div>\n\t\t\t<\/div>\n\t<h6 class=\"edgtf-product-list-product-title\"><a href=\"https:\/\/mullirivjeter.al\/en\/product\/mulliri-espresso-dekaf-10-kapsula-nespresso-original-compatible\/\">Mulliri\u00ae Espresso Dekaf 10 Kapsula Nespresso Original\u00ae Compatible<\/a><\/h6>\n\t<span class=\"price\"><span class=\"woocommerce-Price-amount amount\"><bdi>440.00&nbsp;<span class=\"woocommerce-Price-currencySymbol\">L<\/span><\/bdi><\/span><\/span>\n\n<\/li>\n<li class=\"product type-product post-24948 status-publish first instock product_cat-kafe product_cat-kapsule product_cat-pod has-post-thumbnail taxable shipping-taxable purchasable product-type-simple\">\n\t<div class=\"edgtf-product-list-image-wrapper\">\n\t\t\t\t<div class=\"edgtf-product-shader\"><\/div>\n\t\t\t<\/div>\n\t<h6 class=\"edgtf-product-list-product-title\"><a href=\"https:\/\/mullirivjeter.al\/en\/product\/mulliri-espresso-ethiopia-10-kapsula-nespresso-original-compatible\/\">Mulliri\u00ae Espresso Ethiopia 10 Kapsula Nespresso Original\u00ae Compatible<\/a><\/h6>\n\t<span class=\"price\"><span class=\"woocommerce-Price-amount amount\"><bdi>440.00&nbsp;<span class=\"woocommerce-Price-currencySymbol\">L<\/span><\/bdi><\/span><\/span>\n\n<\/li>\n<li class=\"product type-product post-24952 status-publish instock product_cat-kafe product_cat-kapsule product_cat-pod has-post-thumbnail taxable shipping-taxable purchasable product-type-simple\">\n\t<div class=\"edgtf-product-list-image-wrapper\">\n\t\t\t\t<div class=\"edgtf-product-shader\"><\/div>\n\t\t\t<\/div>\n\t<h6 class=\"edgtf-product-list-product-title\"><a href=\"https:\/\/mullirivjeter.al\/en\/product\/mulliri-espresso-brazil-10-kapsula-nespresso-original-compatible-2\/\">Mulliri\u00ae Espresso India 10 Kapsula Nespresso Original\u00ae Compatible<\/a><\/h6>\n\t<span class=\"price\"><span class=\"woocommerce-Price-amount amount\"><bdi>390.00&nbsp;<span class=\"woocommerce-Price-currencySymbol\">L<\/span><\/bdi><\/span><\/span>\n\n<\/li>\n<li class=\"product type-product post-24953 status-publish last instock product_cat-kafe product_cat-kapsule product_cat-pod has-post-thumbnail taxable shipping-taxable purchasable product-type-simple\">\n\t<div class=\"edgtf-product-list-image-wrapper\">\n\t\t\t\t<div class=\"edgtf-product-shader\"><\/div>\n\t\t\t<\/div>\n\t<h6 class=\"edgtf-product-list-product-title\"><a href=\"https:\/\/mullirivjeter.al\/en\/product\/mulliri-espresso-oro-10-kapsula-nespresso-original-compatible\/\">Mulliri\u00ae Espresso Oro 10 Kapsula Nespresso Original\u00ae Compatible<\/a><\/h6>\n\t<span class=\"price\"><span class=\"woocommerce-Price-amount amount\"><bdi>390.00&nbsp;<span class=\"woocommerce-Price-currencySymbol\">L<\/span><\/bdi><\/span><\/span>\n\n<\/li>\n<li class=\"product type-product post-25210 status-publish first instock product_cat-kafe product_cat-kapsule product_cat-mulliri product_cat-pod has-post-thumbnail taxable shipping-taxable purchasable product-type-simple\">\n\t<div class=\"edgtf-product-list-image-wrapper\">\n\t\t\t\t<div class=\"edgtf-product-shader\"><\/div>\n\t\t\t<\/div>\n\t<h6 class=\"edgtf-product-list-product-title\"><a href=\"https:\/\/mullirivjeter.al\/en\/product\/mulliri-espresso-brazil-18-kapsula-fap\/\">Mulliri\u00ae Espresso Brazil 18 Kapsula FAP<\/a><\/h6>\n\t<span class=\"price\"><span class=\"woocommerce-Price-amount amount\"><bdi>540.00&nbsp;<span class=\"woocommerce-Price-currencySymbol\">L<\/span><\/bdi><\/span><\/span>\n\n<\/li>\n<li class=\"product type-product post-25213 status-publish instock product_cat-kafe product_cat-kapsule product_cat-mulliri product_cat-pod has-post-thumbnail taxable shipping-taxable purchasable product-type-simple\">\n\t<div class=\"edgtf-product-list-image-wrapper\">\n\t\t\t\t<div class=\"edgtf-product-shader\"><\/div>\n\t\t\t<\/div>\n\t<h6 class=\"edgtf-product-list-product-title\"><a href=\"https:\/\/mullirivjeter.al\/en\/product\/mulliri-espresso-colombia-18-kapsula-fap\/\">Mulliri\u00ae Espresso Colombia 18 Kapsula FAP<\/a><\/h6>\n\t<span class=\"price\"><span class=\"woocommerce-Price-amount amount\"><bdi>590.00&nbsp;<span class=\"woocommerce-Price-currencySymbol\">L<\/span><\/bdi><\/span><\/span>\n\n<\/li>\n<li class=\"product type-product post-25214 status-publish last instock product_cat-kafe product_cat-kapsule product_cat-mulliri product_cat-pod has-post-thumbnail taxable shipping-taxable purchasable product-type-simple\">\n\t<div class=\"edgtf-product-list-image-wrapper\">\n\t\t\t\t<div class=\"edgtf-product-shader\"><\/div>\n\t\t\t<\/div>\n\t<h6 class=\"edgtf-product-list-product-title\"><a href=\"https:\/\/mullirivjeter.al\/en\/product\/mulliri-espresso-dekaf-18-kapsula-fap\/\">Mulliri\u00ae Espresso Dekaf 18 Kapsula FAP<\/a><\/h6>\n\t<span class=\"price\"><span class=\"woocommerce-Price-amount amount\"><bdi>590.00&nbsp;<span class=\"woocommerce-Price-currencySymbol\">L<\/span><\/bdi><\/span><\/span>\n\n<\/li>\n<li class=\"product type-product post-25212 status-publish first instock product_cat-kafe product_cat-kapsule product_cat-mulliri product_cat-pod has-post-thumbnail taxable shipping-taxable purchasable product-type-simple\">\n\t<div class=\"edgtf-product-list-image-wrapper\">\n\t\t\t\t<div class=\"edgtf-product-shader\"><\/div>\n\t\t\t<\/div>\n\t<h6 class=\"edgtf-product-list-product-title\"><a href=\"https:\/\/mullirivjeter.al\/en\/product\/mulliri-espresso-ethiopia-18-kapsula-fap\/\">Mulliri\u00ae Espresso Ethiopia 18 Kapsula FAP<\/a><\/h6>\n\t<span class=\"price\"><span class=\"woocommerce-Price-amount amount\"><bdi>590.00&nbsp;<span class=\"woocommerce-Price-currencySymbol\">L<\/span><\/bdi><\/span><\/span>\n\n<\/li>\n<li class=\"product type-product post-25211 status-publish instock product_cat-kafe product_cat-kapsule product_cat-mulliri product_cat-pod has-post-thumbnail taxable shipping-taxable purchasable product-type-simple\">\n\t<div class=\"edgtf-product-list-image-wrapper\">\n\t\t\t\t<div class=\"edgtf-product-shader\"><\/div>\n\t\t\t<\/div>\n\t<h6 class=\"edgtf-product-list-product-title\"><a href=\"https:\/\/mullirivjeter.al\/en\/product\/mulliri-espresso-india-18-kapsula-fap\/\">Mulliri\u00ae Espresso India 18 Kapsula FAP<\/a><\/h6>\n\t<span class=\"price\"><span class=\"woocommerce-Price-amount amount\"><bdi>540.00&nbsp;<span class=\"woocommerce-Price-currencySymbol\">L<\/span><\/bdi><\/span><\/span>\n\n<\/li>\n<li class=\"product type-product post-25203 status-publish last instock product_cat-kafe product_cat-kapsule product_cat-mulliri product_cat-pod has-post-thumbnail taxable shipping-taxable purchasable product-type-simple\">\n\t<div class=\"edgtf-product-list-image-wrapper\">\n\t\t\t\t<div class=\"edgtf-product-shader\"><\/div>\n\t\t\t<\/div>\n\t<h6 class=\"edgtf-product-list-product-title\"><a href=\"https:\/\/mullirivjeter.al\/en\/product\/mulliri-espresso-oro-18-kapsula-fap\/\">Mulliri\u00ae Espresso Oro 18 Kapsula FAP<\/a><\/h6>\n\t<span class=\"price\"><span class=\"woocommerce-Price-amount amount\"><bdi>540.00&nbsp;<span class=\"woocommerce-Price-currencySymbol\">L<\/span><\/bdi><\/span><\/span>\n\n<\/li>\n<li class=\"product type-product post-14814 status-publish first instock product_cat-kafe product_cat-kapsule product_cat-mulliri product_cat-pod has-post-thumbnail taxable shipping-taxable purchasable product-type-simple\">\n\t<div class=\"edgtf-product-list-image-wrapper\">\n\t\t\t\t<div class=\"edgtf-product-shader\"><\/div>\n\t\t\t<\/div>\n\t<h6 class=\"edgtf-product-list-product-title\"><a href=\"https:\/\/mullirivjeter.al\/en\/product\/mulliri-espresso-barista-18-kapsula-lavazza-a-modo-mio-compatible\/\">Mulliri\u00ae Espresso Barista 20 Kapsula Lavazza A Modo Mio\u00ae Compatible<\/a><\/h6>\n\t<span class=\"price\"><span class=\"woocommerce-Price-amount amount\"><bdi>700.00&nbsp;<span class=\"woocommerce-Price-currencySymbol\">L<\/span><\/bdi><\/span><\/span>\n\n<\/li>\n<li class=\"product type-product post-14833 status-publish instock product_cat-kafe product_cat-kapsule product_cat-mulliri product_cat-pod has-post-thumbnail taxable shipping-taxable purchasable product-type-simple\">\n\t<div class=\"edgtf-product-list-image-wrapper\">\n\t\t\t\t<div class=\"edgtf-product-shader\"><\/div>\n\t\t\t<\/div>\n\t<h6 class=\"edgtf-product-list-product-title\"><a href=\"https:\/\/mullirivjeter.al\/en\/product\/mulliri-espresso-armonia-16-kapsula-caffitaly-system\/\">Mulliri\u00ae Espresso Armonia 16 Kapsula Caffitaly System\u00ae<\/a><\/h6>\n\t<span class=\"price\"><span class=\"woocommerce-Price-amount amount\"><bdi>560.00&nbsp;<span class=\"woocommerce-Price-currencySymbol\">L<\/span><\/bdi><\/span><\/span>\n\n<\/li>\n<li class=\"product type-product post-22859 status-publish last instock product_cat-kafe product_cat-kapsule product_cat-mulliri product_cat-pod has-post-thumbnail taxable shipping-taxable purchasable product-type-simple\">\n\t<div class=\"edgtf-product-list-image-wrapper\">\n\t\t\t\t<div class=\"edgtf-product-shader\"><\/div>\n\t\t\t<\/div>\n\t<h6 class=\"edgtf-product-list-product-title\"><a href=\"https:\/\/mullirivjeter.al\/en\/product\/mulliri-espresso-grande-crema-16-kapsula-nescafe-dolce-gusto-compatible\/\">Mulliri\u00ae Espresso Grande Crema 16 Kapsula Nescafe\u00ae Dolce Gusto\u00ae Compatible<\/a><\/h6>\n\t<span class=\"price\"><span class=\"woocommerce-Price-amount amount\"><bdi>600.00&nbsp;<span class=\"woocommerce-Price-currencySymbol\">L<\/span><\/bdi><\/span><\/span>\n\n<\/li>\n<\/ul>\n<\/div><\/div><\/div><\/div><\/div><\/div><div class=\"vc_row wpb_row vc_row-fluid edgtf-section edgtf-content-aligment-center\" style=\"\"><div class=\"clearfix edgtf-full-section-inner\"><div class=\"wpb_column vc_column_container vc_col-sm-12\"><div class=\"vc_column-inner\"><div class=\"wpb_wrapper\"><div class=\"vc_empty_space\"   style=\"height: 32px\"><span class=\"vc_empty_space_inner\"><\/span><\/div>\n<div class=\"edgtf-custom-font-holder\" style=\"font-family: Montserrat;font-size: 22px;line-height: 20px;font-weight: 700;text-align: center;color: #000000\" data-font-size= \"22\" data-line-height= \"20\">\n\t\n<p style=\"text-align: center;\">To place an order, contact via:<\/p>\n\t<\/div><div class=\"vc_empty_space\"   style=\"height: 50px\"><span class=\"vc_empty_space_inner\"><\/span><\/div><\/div><\/div><\/div><\/div><\/div><div class=\"vc_row wpb_row vc_row-fluid edgtf-section vc_custom_1619527420319 edgtf-content-aligment-center\" style=\"\"><div class=\"clearfix edgtf-full-section-inner\"><div class=\"wpb_column vc_column_container vc_col-sm-1\/5\"><div class=\"vc_column-inner vc_custom_1619527473539\"><div class=\"wpb_wrapper\"><\/div><\/div><\/div><div class=\"wpb_column vc_column_container vc_col-sm-1\/5\"><div class=\"vc_column-inner vc_custom_1620216734562\"><div class=\"wpb_wrapper\">\n    <span class=\"edgtf-icon-shortcode normal edgtf-icon-medium\"  >\n                    <a =\"url\" href=\"tel:%20+355%2070%2066%20370\"  target=\"_self\">\n        \n        <i class=\"edgtf-icon-font-awesome fa fa-phone edgtf-icon-element\" style=\"\" ><\/i>\n                    <\/a>\n            <\/span>\n\n<div class=\"vc_empty_space\"   style=\"height: 10px\"><span class=\"vc_empty_space_inner\"><\/span><\/div>\n\t<div class=\"wpb_text_column wpb_content_element\" >\n\t\t<div class=\"wpb_wrapper\">\n\t\t\t<p style=\"text-align: center;\"><a href=\"tel: +355 70 66 370\">+355 69 70 66 370<\/a><\/p>\n\n\t\t<\/div>\n\t<\/div>\n<\/div><\/div><\/div><div class=\"wpb_column vc_column_container vc_col-sm-1\/5\"><div class=\"vc_column-inner vc_custom_1620216743946\"><div class=\"wpb_wrapper\">\n    <span class=\"edgtf-icon-shortcode normal edgtf-icon-medium\"  >\n                    <a =\"url\" href=\"https:\/\/instagram.com\/mullirivjeter\" target=\"_self\" rel=\"noopener\">\n        \n        <i class=\"edgtf-icon-font-awesome fa fa-instagram edgtf-icon-element\" style=\"\" ><\/i>\n                    <\/a>\n            <\/span>\n\n<div class=\"vc_empty_space\"   style=\"height: 10px\"><span class=\"vc_empty_space_inner\"><\/span><\/div>\n\t<div class=\"wpb_text_column wpb_content_element\" >\n\t\t<div class=\"wpb_wrapper\">\n\t\t\t<p style=\"text-align: center;\"><a href=\"https:\/\/instagram.com\/mullirivjeter\" target=\"_blank\" rel=\"noopener\">Instagram<\/a><\/p>\n\n\t\t<\/div>\n\t<\/div>\n<\/div><\/div><\/div><div class=\"wpb_column vc_column_container vc_col-sm-1\/5\"><div class=\"vc_column-inner vc_custom_1620216855237\"><div class=\"wpb_wrapper\">\n    <span class=\"edgtf-icon-shortcode normal edgtf-icon-medium\"  >\n                    <a =\"url\" href=\"https:\/\/www.facebook.com\/MulliriVjeter\/\" target=\"_self\" rel=\"noopener\">\n        \n        <i class=\"edgtf-icon-font-awesome fa fa-facebook edgtf-icon-element\" style=\"\" ><\/i>\n                    <\/a>\n            <\/span>\n\n<div class=\"vc_empty_space\"   style=\"height: 10px\"><span class=\"vc_empty_space_inner\"><\/span><\/div>\n\t<div class=\"wpb_text_column wpb_content_element\" >\n\t\t<div class=\"wpb_wrapper\">\n\t\t\t<p style=\"text-align: center;\"><a href=\"https:\/\/www.facebook.com\/MulliriVjeter\/\" target=\"_blank\" rel=\"noopener\">Facebook<\/a><\/p>\n\n\t\t<\/div>\n\t<\/div>\n<\/div><\/div><\/div><div class=\"wpb_column vc_column_container vc_col-sm-1\/5\"><div class=\"vc_column-inner vc_custom_1619527480921\"><div class=\"wpb_wrapper\"><\/div><\/div><\/div><\/div><\/div>","protected":false},"excerpt":{"rendered":"REZERVO NJ\u00cb TAKIM DHE PROVO FALAS T\u00cb GJITHA SHIJET E KAPSULAVE. Plot\u00ebsoni t\u00eb dh\u00ebnat e m\u00ebposhtme dhe ne do t'ju kontaktojm\u00eb s\u00eb shpejti p\u00ebr t\u00eb caktuar nj\u00eb takim n\u00eb ambientet tuaja. Ju do t\u00eb keni mund\u00ebsin\u00eb t\u00eb provoni t\u00eb gjitha shijet e kapsulave tona dhe...","protected":false},"author":4,"featured_media":0,"parent":0,"menu_order":0,"comment_status":"closed","ping_status":"closed","template":"","meta":{"_monsterinsights_skip_tracking":false,"_monsterinsights_sitenote_active":false,"_monsterinsights_sitenote_note":"","_monsterinsights_sitenote_category":0},"_links":{"self":[{"href":"https:\/\/mullirivjeter.al\/en\/wp-json\/wp\/v2\/pages\/15682"}],"collection":[{"href":"https:\/\/mullirivjeter.al\/en\/wp-json\/wp\/v2\/pages"}],"about":[{"href":"https:\/\/mullirivjeter.al\/en\/wp-json\/wp\/v2\/types\/page"}],"author":[{"embeddable":true,"href":"https:\/\/mullirivjeter.al\/en\/wp-json\/wp\/v2\/users\/4"}],"replies":[{"embeddable":true,"href":"https:\/\/mullirivjeter.al\/en\/wp-json\/wp\/v2\/comments?post=15682"}],"version-history":[{"count":8,"href":"https:\/\/mullirivjeter.al\/en\/wp-json\/wp\/v2\/pages\/15682\/revisions"}],"predecessor-version":[{"id":25217,"href":"https:\/\/mullirivjeter.al\/en\/wp-json\/wp\/v2\/pages\/15682\/revisions\/25217"}],"wp:attachment":[{"href":"https:\/\/mullirivjeter.al\/en\/wp-json\/wp\/v2\/media?parent=15682"}],"curies":[{"name":"wp","href":"https:\/\/api.w.org\/{rel}","templated":true}]}}