{"id":13980,"date":"2018-12-12T10:39:43","date_gmt":"2018-12-12T10:39:43","guid":{"rendered":"http:\/\/mullirivjeter.al\/?page_id=13980"},"modified":"2022-01-28T14:29:38","modified_gmt":"2022-01-28T13:29:38","slug":"bashkohu-me-ne","status":"publish","type":"page","link":"https:\/\/mullirivjeter.al\/en\/bashkohu-me-ne\/","title":{"rendered":"work with us"},"content":{"rendered":"<div class=\"vc_row wpb_row vc_row-fluid edgtf-section edgtf-content-aligment-left\" style=\"\"><div class=\"clearfix edgtf-full-section-inner\"><div class=\"wpb_column vc_column_container vc_col-sm-6\"><div class=\"vc_column-inner\"><div class=\"wpb_wrapper\">\n\t<div class=\"wpb_text_column wpb_content_element\" >\n\t\t<div class=\"wpb_wrapper\">\n\t\t\t<p>We believe that the success of our company is a result of our hard-working team. Passion, determination, commitment, preparedness, and integrity are the principles that have fed the soul of Mulliri Vjeter for 25 years.<\/p>\n<p>We welcome dynamic team players who look for challenging careers. Every employee is a valuable treasure to us, and we feel the urge to provide competitive compensation, a happy workplace, and plenty of opportunities for growth to each one of them.<\/p>\n<p>N\u00ebse jeni t\u00eb interesuar t\u00eb jeni pjes\u00eb e nj\u00eb kompanie q\u00eb \u00ebsht\u00eb e fokusuar n\u00eb b\u00ebrjen e p\u00ebrditshm\u00ebris\u00eb \u00a0t\u00eb ve\u00e7ant\u00eb p\u00ebr klient\u00ebt dhe ekipin ton\u00eb, \u201cMulliri Vjet\u00ebr\u201d \u00ebsht\u00eb kompania e duhur p\u00ebr ju.<br \/>\n<em><strong>INTERESTED IN JOINING THE TEAM?<br \/>\n<\/strong><\/em>Please send your resume, headshot, and the job position you are applying for via e-mail at <a href=\"mailto:info@mullirivjeter.com\" target=\"_self\">info@mullirivjeter.com<\/a>. We will reach out to you if you are a match for the position. <a href=\"mailto:hra@mullirivjeter.com\">hra@mullirivjeter.com<\/a>. T\u00eb gjitha aplikimet do t\u00eb lexohen brenda nj\u00eb kohe t\u00eb shkurt\u00ebr por vet\u00ebm kandidat\u00ebt m\u00eb t\u00eb favorizuar do t\u00eb \u00a0njoftohen me e-mail.<\/p>\n\n\t\t<\/div>\n\t<\/div>\n<\/div><\/div><\/div><div class=\"wpb_column vc_column_container vc_col-sm-6\"><div class=\"vc_column-inner\"><div class=\"wpb_wrapper\">\n\t<div class=\"wpb_video_widget wpb_content_element vc_clearfix   vc_video-aspect-ratio-169 vc_video-el-width-100 vc_video-align-left\" >\n\t\t<div class=\"wpb_wrapper\">\n\t\t\t\n\t\t\t<div class=\"wpb_video_wrapper\"><iframe width=\"1060\" height=\"596\" src=\"https:\/\/www.youtube.com\/embed\/aQ8AiW9suz4?feature=oembed\" frameborder=\"0\" allow=\"accelerometer; autoplay; encrypted-media; gyroscope; picture-in-picture\" allowfullscreen><\/iframe><\/div>\n\t\t<\/div>\n\t<\/div>\n<\/div><\/div><\/div><\/div><\/div>","protected":false},"excerpt":{"rendered":"Ne besojm\u00eb se, suksesi i kompanis\u00eb ton\u00eb \u00ebsht\u00eb rezultat i njer\u00ebzve fantastik q\u00eb punojn\u00eb k\u00ebtu. Pasioni, vendosm\u00ebria, angazhimi, p\u00ebrgatitja dhe ndershm\u00ebria jan\u00eb parimet q\u00eb kan\u00eb ushqyer shpirtin e kompanis\u00eb \u201cMulliri Vjet\u00ebr\u201d p\u00ebr 25 vite. Ne i mir\u00ebpresim njer\u00ebzit dinamik\u00eb q\u00eb k\u00ebrkojn\u00eb nj\u00eb karrier\u00eb sfiduese dhe...","protected":false},"author":1,"featured_media":0,"parent":0,"menu_order":0,"comment_status":"closed","ping_status":"closed","template":"","meta":{"_monsterinsights_skip_tracking":false,"_monsterinsights_sitenote_active":false,"_monsterinsights_sitenote_note":"","_monsterinsights_sitenote_category":0},"_links":{"self":[{"href":"https:\/\/mullirivjeter.al\/en\/wp-json\/wp\/v2\/pages\/13980"}],"collection":[{"href":"https:\/\/mullirivjeter.al\/en\/wp-json\/wp\/v2\/pages"}],"about":[{"href":"https:\/\/mullirivjeter.al\/en\/wp-json\/wp\/v2\/types\/page"}],"author":[{"embeddable":true,"href":"https:\/\/mullirivjeter.al\/en\/wp-json\/wp\/v2\/users\/1"}],"replies":[{"embeddable":true,"href":"https:\/\/mullirivjeter.al\/en\/wp-json\/wp\/v2\/comments?post=13980"}],"version-history":[{"count":0,"href":"https:\/\/mullirivjeter.al\/en\/wp-json\/wp\/v2\/pages\/13980\/revisions"}],"wp:attachment":[{"href":"https:\/\/mullirivjeter.al\/en\/wp-json\/wp\/v2\/media?parent=13980"}],"curies":[{"name":"wp","href":"https:\/\/api.w.org\/{rel}","templated":true}]}}