{"id":13507,"date":"2017-12-26T11:53:16","date_gmt":"2017-12-26T11:53:16","guid":{"rendered":"http:\/\/mullirivjeter.al\/?page_id=13507"},"modified":"2019-01-04T08:41:45","modified_gmt":"2019-01-04T08:41:45","slug":"rreth-nesh","status":"publish","type":"page","link":"https:\/\/mullirivjeter.al\/en\/rreth-nesh\/","title":{"rendered":"About Us"},"content":{"rendered":"<div class=\"vc_row wpb_row vc_row-fluid edgtf-section edgtf-content-aligment-left\" style=\"\"><div class=\"clearfix edgtf-full-section-inner\"><div class=\"wpb_column vc_column_container vc_col-sm-12\"><div class=\"vc_column-inner\"><div class=\"wpb_wrapper\"><div class=\"edgtf-elements-holder edgtf-two-columns edgtf-responsive-mode-768\" ><div class=\"edgtf-elements-holder-item\" data-item-class=\"edgtf-elements-holder-custom-391226\" >\n\t\t<div class=\"edgtf-elements-holder-item-inner\">\n\t\t<div class=\"edgtf-elements-holder-item-content edgtf-elements-holder-custom-391226\" >\n\t\t\t\n\t<div  class=\"wpb_single_image wpb_content_element vc_align_left\">\n\t\t\n\t\t<figure class=\"wpb_wrapper vc_figure\">\n\t\t\t<div class=\"vc_single_image-wrapper   vc_box_border_grey\"><img width=\"595\" height=\"595\" src=\"https:\/\/mullirivjeter.al\/wp-content\/uploads\/2017\/12\/Mulliri-i-vjeter.png\" class=\"vc_single_image-img attachment-large\" alt=\"\" loading=\"lazy\" srcset=\"https:\/\/mullirivjeter.al\/wp-content\/uploads\/2017\/12\/Mulliri-i-vjeter.png 595w, https:\/\/mullirivjeter.al\/wp-content\/uploads\/2017\/12\/Mulliri-i-vjeter-300x300.png 300w, https:\/\/mullirivjeter.al\/wp-content\/uploads\/2017\/12\/Mulliri-i-vjeter-100x100.png 100w, https:\/\/mullirivjeter.al\/wp-content\/uploads\/2017\/12\/Mulliri-i-vjeter-150x150.png 150w, https:\/\/mullirivjeter.al\/wp-content\/uploads\/2017\/12\/Mulliri-i-vjeter-550x550.png 550w\" sizes=\"(max-width: 595px) 100vw, 595px\" \/><\/div>\n\t\t<\/figure>\n\t<\/div>\n\t\t<\/div>\n\t<\/div>\n\t<\/div><div class=\"edgtf-elements-holder-item\" data-item-class=\"edgtf-elements-holder-custom-938581\" >\n\t\t<div class=\"edgtf-elements-holder-item-inner\">\n\t\t<div class=\"edgtf-elements-holder-item-content edgtf-elements-holder-custom-938581\" >\n\t\t\t\n\t<div class=\"wpb_text_column wpb_content_element\" >\n\t\t<div class=\"wpb_wrapper\">\n\t\t\t<p>It all started with a simple idea:\u00a0<em><strong>Making only high-quality coffee.<\/strong><\/em><\/p>\n<p>This idea is the root of what we do today. It motivates and keeps us happily connected with our products, services, and everything we do for our community.<\/p>\n<p>Everyday we make sure to provide our customers the best coffee they have ever tasted \u2013 fresh, with a stable aroma and reasonable price.<\/p>\n<p>We have constantly embraced the latest coffee processing technology, and today we are proud of remaining a top leader in the coffee industry - the fruit of more than 20 years of hard work.<\/p>\n<p><em><strong>\"Where there\u2019s integrity, devotion, and passion, there is no obstacle that can\u2019t be defeated.\"<\/strong><\/em><\/p>\n<p>Today our company has not only expanded around Albania, but our products are also found in other countries like Kosovo, Macedonia, Greece, and the U.S. Therefore, we are charged with the responsibility of always embracing our initial goal to make the highest quality coffee.<\/p>\n<p>Our professional, friendly, and positive team works tirelessly to provide the most delicious coffee to every customer entering the store.<\/p>\n<p>Our customers will always remain our best partners who whom we share everything because what we do is not simply a job; it is passion and love for the coffee that we dream of enjoying every day.<\/p>\n<p>This is neither the beginning nor the end of the path to perfection.<\/p>\n\n\t\t<\/div>\n\t<\/div>\n\t\t<\/div>\n\t<\/div>\n\t<\/div><\/div><\/div><\/div><\/div><\/div><\/div><div class=\"vc_row wpb_row vc_row-fluid edgtf-section edgtf-content-aligment-left\" style=\"\"><div class=\"clearfix edgtf-full-section-inner\"><div class=\"wpb_column vc_column_container vc_col-sm-12\"><div class=\"vc_column-inner\"><div class=\"wpb_wrapper\"><div class=\"edgtf-elements-holder edgtf-responsive-mode-768\" ><div class=\"edgtf-elements-holder-item\" data-item-class=\"edgtf-elements-holder-custom-494766\" >\n\t\t<div class=\"edgtf-elements-holder-item-inner\">\n\t\t<div class=\"edgtf-elements-holder-item-content edgtf-elements-holder-custom-494766\" >\n\t\t\t<div class=\"vc_empty_space\"   style=\"height: 32px\"><span class=\"vc_empty_space_inner\"><\/span><\/div>\n\t<div class=\"wpb_text_column wpb_content_element\" >\n\t\t<div class=\"wpb_wrapper\">\n\t\t\t\n\t\t<\/div>\n\t<\/div>\n\t\t<\/div>\n\t<\/div>\n\t<\/div><\/div><\/div><\/div><\/div><\/div><\/div>","protected":false},"excerpt":{"rendered":"Gjith\u00e7ka filloi me nj\u00eb ide t\u00eb thjesht\u00eb:\u00a0\u201cT\u00eb prodhojm\u00eb vet\u00ebm kafe cil\u00ebsore\u201d \u00c7do gj\u00eb q\u00eb b\u00ebjm\u00eb sot \u00ebsht\u00eb e rr\u00ebnjosur n\u00eb at\u00eb koncept themelor. Kjo \u00ebsht\u00eb ajo q\u00eb na shtyn. \u00cbsht\u00eb ajo q\u00eb na l\u00ebviz, na motivon dhe na mban t\u00eb lidhur me nj\u00eb k\u00ebnaqesi t\u00eb...","protected":false},"author":1,"featured_media":0,"parent":0,"menu_order":0,"comment_status":"closed","ping_status":"closed","template":"","meta":{"_monsterinsights_skip_tracking":false,"_monsterinsights_sitenote_active":false,"_monsterinsights_sitenote_note":"","_monsterinsights_sitenote_category":0},"_links":{"self":[{"href":"https:\/\/mullirivjeter.al\/en\/wp-json\/wp\/v2\/pages\/13507"}],"collection":[{"href":"https:\/\/mullirivjeter.al\/en\/wp-json\/wp\/v2\/pages"}],"about":[{"href":"https:\/\/mullirivjeter.al\/en\/wp-json\/wp\/v2\/types\/page"}],"author":[{"embeddable":true,"href":"https:\/\/mullirivjeter.al\/en\/wp-json\/wp\/v2\/users\/1"}],"replies":[{"embeddable":true,"href":"https:\/\/mullirivjeter.al\/en\/wp-json\/wp\/v2\/comments?post=13507"}],"version-history":[{"count":0,"href":"https:\/\/mullirivjeter.al\/en\/wp-json\/wp\/v2\/pages\/13507\/revisions"}],"wp:attachment":[{"href":"https:\/\/mullirivjeter.al\/en\/wp-json\/wp\/v2\/media?parent=13507"}],"curies":[{"name":"wp","href":"https:\/\/api.w.org\/{rel}","templated":true}]}}