{"id":10369,"date":"2017-01-17T15:22:50","date_gmt":"2017-01-17T15:22:50","guid":{"rendered":"http:\/\/barista.edge-themes.com\/?page_id=10369"},"modified":"2021-06-03T10:49:40","modified_gmt":"2021-06-03T08:49:40","slug":"contact-us","status":"publish","type":"page","link":"https:\/\/mullirivjeter.al\/en\/contact-us\/","title":{"rendered":"Contact Us"},"content":{"rendered":"<div data-edgtf_header_style=\"edgtf-light-header\" class=\"vc_row wpb_row vc_row-fluid edgtf-section vc_custom_1510674759106 edgtf-content-aligment-left edgtf-grid-section\" style=\"\"><div class=\"clearfix edgtf-section-inner\"><div class=\"edgtf-section-inner-margin clearfix\"><div class=\"wpb_column vc_column_container vc_col-sm-12 vc_col-lg-6 vc_col-md-12 vc_col-xs-12\"><div class=\"vc_column-inner\"><div class=\"wpb_wrapper\"><div class=\"edgtf-elements-holder edgtf-responsive-mode-768\" ><div class=\"edgtf-elements-holder-item\" data-item-class=\"edgtf-elements-holder-custom-255603\" data-480=\"0 4% 0 0\" >\n\t\t<div class=\"edgtf-elements-holder-item-inner\">\n\t\t<div class=\"edgtf-elements-holder-item-content edgtf-elements-holder-custom-255603\" style=\"padding: 0 0 0 0\">\n\t\t\t\n\t<div class=\"wpb_text_column wpb_content_element\" >\n\t\t<div class=\"wpb_wrapper\">\n\t\t\t<h2>Email us<\/h2>\n\n\t\t<\/div>\n\t<\/div>\n<div class=\"vc_empty_space\"   style=\"height: 20px\"><span class=\"vc_empty_space_inner\"><\/span><\/div><div class=\"edgtf-separator-holder clearfix  edgtf-separator-left\">\n\t<div class=\"edgtf-separator\" style=\"width: 120px;border-bottom-width: 3px\"><\/div>\n<\/div>\n<div class=\"vc_empty_space\"   style=\"height: 15px\"><span class=\"vc_empty_space_inner\"><\/span><\/div>\n\t<div class=\"wpb_text_column wpb_content_element\" >\n\t\t<div class=\"wpb_wrapper\">\n\t\t\t<p>We will get back to you as soon as possible.<\/p>\n\n\t\t<\/div>\n\t<\/div>\n\t\t<\/div>\n\t<\/div>\n\t<\/div><\/div><div class=\"vc_empty_space\"   style=\"height: 40px\"><span class=\"vc_empty_space_inner\"><\/span><\/div><\/div><\/div><\/div><div class=\"wpb_column vc_column_container vc_col-sm-12 vc_col-lg-6 vc_col-md-12 vc_col-xs-12\"><div class=\"vc_column-inner\"><div class=\"wpb_wrapper\"><div class=\"edgtf-elements-holder edgtf-responsive-mode-768\" ><div class=\"edgtf-elements-holder-item\" data-item-class=\"edgtf-elements-holder-custom-981069\" >\n\t\t<div class=\"edgtf-elements-holder-item-inner\">\n\t\t<div class=\"edgtf-elements-holder-item-content edgtf-elements-holder-custom-981069\" style=\"padding: 0 0 0 0\">\n\t\t\t\n\t<div class=\"wpb_text_column wpb_content_element\" >\n\t\t<div class=\"wpb_wrapper\">\n\t\t\t<h2>locations<\/h2>\n\n\t\t<\/div>\n\t<\/div>\n<div class=\"edgtf-separator-holder clearfix  edgtf-separator-left\">\n\t<div class=\"edgtf-separator\" style=\"width: 120px;border-bottom-width: 3px\"><\/div>\n<\/div>\n\t\t<\/div>\n\t<\/div>\n\t<\/div><\/div><div class=\"vc_empty_space\"   style=\"height: 40px\"><span class=\"vc_empty_space_inner\"><\/span><\/div><\/div><\/div><\/div><\/div><\/div><\/div><div id=\"map_popup\" class=\"vc_row wpb_row vc_row-fluid edgtf-section map_popup vc_custom_1525967653246 edgtf-content-aligment-left edgtf-grid-section\" style=\"\"><div class=\"clearfix edgtf-section-inner\"><div class=\"edgtf-section-inner-margin clearfix\"><div class=\"wpb_column vc_column_container vc_col-sm-12 vc_col-lg-6 vc_col-md-12 vc_col-xs-12\"><div class=\"vc_column-inner\"><div class=\"wpb_wrapper\">\n\t<div class=\"wpb_text_column wpb_content_element\" >\n\t\t<div class=\"wpb_wrapper\">\n\t\t\t<div id=\"cf7cstmzr-form\" class=\"cf7cstmzr-form-13997 cf7cstmzr-form\"><div role=\"form\" class=\"wpcf7\" id=\"wpcf7-f13997-o1\" lang=\"en-US\" dir=\"ltr\">\n<div class=\"screen-reader-response\"><\/div>\n<form action=\"\/en\/wp-json\/wp\/v2\/pages\/10369#wpcf7-f13997-o1\" method=\"post\" class=\"wpcf7-form\" novalidate=\"novalidate\" data-trp-original-action=\"\/en\/wp-json\/wp\/v2\/pages\/10369#wpcf7-f13997-o1\">\n<div style=\"display: none;\">\n<input type=\"hidden\" name=\"_wpcf7\" value=\"13997\" \/>\n<input type=\"hidden\" name=\"_wpcf7_version\" value=\"5.0.5\" \/>\n<input type=\"hidden\" name=\"_wpcf7_locale\" value=\"en_US\" \/>\n<input type=\"hidden\" name=\"_wpcf7_unit_tag\" value=\"wpcf7-f13997-o1\" \/>\n<input type=\"hidden\" name=\"_wpcf7_container_post\" value=\"0\" \/>\n<\/div>\n<p><label> Full Name (Required)<br \/>\n    <span class=\"wpcf7-form-control-wrap your-name\"><input type=\"text\" name=\"your-name\" value=\"\" size=\"40\" class=\"wpcf7-form-control wpcf7-text wpcf7-validates-as-required\" aria-required=\"true\" aria-invalid=\"false\" \/><\/span> <\/label><\/p>\n<p><label> Email (Required)<br \/>\n    <span class=\"wpcf7-form-control-wrap your-email\"><input type=\"email\" name=\"your-email\" value=\"\" size=\"40\" class=\"wpcf7-form-control wpcf7-text wpcf7-email wpcf7-validates-as-required wpcf7-validates-as-email\" aria-required=\"true\" aria-invalid=\"false\" \/><\/span> <\/label><\/p>\n<p><label> Phone Number (Required)<br \/>\n    <span class=\"wpcf7-form-control-wrap your-tel\"><input type=\"tel\" name=\"your-tel\" value=\"\" size=\"40\" class=\"wpcf7-form-control wpcf7-text wpcf7-tel wpcf7-validates-as-required wpcf7-validates-as-tel\" aria-required=\"true\" aria-invalid=\"false\" \/><\/span> <\/label><\/p>\n<p><label> Subject<br \/>\n    <span class=\"wpcf7-form-control-wrap your-subject\"><input type=\"text\" name=\"your-subject\" value=\"\" size=\"40\" class=\"wpcf7-form-control wpcf7-text\" aria-invalid=\"false\" \/><\/span> <\/label><\/p>\n<p><label> Your Message<br \/>\n    <span class=\"wpcf7-form-control-wrap your-message\"><textarea name=\"your-message\" cols=\"40\" rows=\"10\" class=\"wpcf7-form-control wpcf7-textarea\" aria-invalid=\"false\"><\/textarea><\/span> <\/label><\/p>\n<p><label>\n<div class=\"wpcf7-form-control-wrap\"><div data-sitekey=\"6Lc3j4EUAAAAAPobYzBwn0XbnH2nYFaf4oHn08yp\" class=\"wpcf7-form-control g-recaptcha wpcf7-recaptcha\"><\/div>\n<noscript>\n\t<div style=\"width: 302px; height: 422px;\">\n\t\t<div style=\"width: 302px; height: 422px; position: relative;\">\n\t\t\t<div style=\"width: 302px; height: 422px; position: absolute;\">\n\t\t\t\t<iframe src=\"https:\/\/www.google.com\/recaptcha\/api\/fallback?k=6Lc3j4EUAAAAAPobYzBwn0XbnH2nYFaf4oHn08yp\" frameborder=\"0\" scrolling=\"no\" style=\"width: 302px; height:422px; border-style: none;\">\n\t\t\t\t<\/iframe>\n\t\t\t<\/div>\n\t\t\t<div style=\"width: 300px; height: 60px; border-style: none; bottom: 12px; left: 25px; margin: 0px; padding: 0px; right: 25px; background: #f9f9f9; border: 1px solid #c1c1c1; border-radius: 3px;\">\n\t\t\t\t<textarea id=\"g-recaptcha-response\" name=\"g-recaptcha-response\" class=\"g-recaptcha-response\" style=\"width: 250px; height: 40px; border: 1px solid #c1c1c1; margin: 10px 25px; padding: 0px; resize: none;\">\n\t\t\t\t<\/textarea>\n\t\t\t<\/div>\n\t\t<\/div>\n\t<\/div>\n<\/noscript>\n<\/div>\n<p><\/label><\/p>\n<p><input type=\"submit\" value=\"Send\" class=\"wpcf7-form-control wpcf7-submit\" \/><\/p>\n<div class=\"wpcf7-response-output wpcf7-display-none\"><\/div><input type=\"hidden\" name=\"trp-form-language\" value=\"en\"\/><\/form><\/div><\/div>\n\n\t\t<\/div>\n\t<\/div>\n<\/div><\/div><\/div><div class=\"wpb_column vc_column_container vc_col-sm-12 vc_col-lg-6 vc_col-md-12 vc_col-xs-12\"><div class=\"vc_column-inner\"><div class=\"wpb_wrapper\"><div class=\"vc_row wpb_row vc_inner vc_row-fluid edgtf-section edgtf-content-aligment-left\" style=\"\"><div class=\"edgtf-full-section-inner\"><div class=\"wpb_column vc_column_container vc_col-sm-12\"><div class=\"vc_column-inner\"><div class=\"wpb_wrapper\">\n\t<div class=\"wpb_text_column wpb_content_element\" >\n\t\t<div class=\"wpb_wrapper\">\n\t\t\t<h4 class=\"fancybutton\" data-lat=\"41.371157\" data-lng=\"19.686731\">Headquarters<\/h4>\n<p style=\"padding-left: 45px; padding-top: 20px;\">Rruga Dytesore Tirane-Durres, Berxull, 100m mbi uren e Limuthit, Tirana, Albania<\/p>\n\n\t\t<\/div>\n\t<\/div>\n<div class=\"vc_empty_space\"   style=\"height: 32px\"><span class=\"vc_empty_space_inner\"><\/span><\/div><\/div><\/div><\/div><\/div><\/div><div class=\"vc_row wpb_row vc_inner vc_row-fluid edgtf-section edgtf-content-aligment-left\" style=\"\"><div class=\"edgtf-full-section-inner\"><div class=\"wpb_column vc_column_container vc_col-sm-6\"><div class=\"vc_column-inner\"><div class=\"wpb_wrapper\">\n\t<div class=\"wpb_text_column wpb_content_element\" >\n\t\t<div class=\"wpb_wrapper\">\n\t\t\t<h4 class=\"fancybutton\" data-lat=\"41.323452\" data-lng=\"19.825676\">DYQANI RRUGA BUDI (D1)<\/h4>\n<p style=\"padding-left: 45px; padding-top: 20px;\">Rr. Budi, Pallati Nr.19, Dyqani Nr.1, Tirane<\/p>\n\n\t\t<\/div>\n\t<\/div>\n<div class=\"vc_empty_space\"   style=\"height: 32px\"><span class=\"vc_empty_space_inner\"><\/span><\/div>\n\t<div class=\"wpb_text_column wpb_content_element\" >\n\t\t<div class=\"wpb_wrapper\">\n\t\t\t<h4 class=\"fancybutton\" data-lat=\"41.336181\" data-lng=\"19.831585\">DYQANI RRUGA BARDHYL (D3)<\/h4>\n<p style=\"padding-left: 45px; padding-top: 20px;\">Rr. Bardhyl, Nr.7, Pallati Nr.13, Kati 1, nr pasurie 6\/40-N7, Tirane<\/p>\n\n\t\t<\/div>\n\t<\/div>\n<div class=\"vc_empty_space\"   style=\"height: 32px\"><span class=\"vc_empty_space_inner\"><\/span><\/div>\n\t<div class=\"wpb_text_column wpb_content_element\" >\n\t\t<div class=\"wpb_wrapper\">\n\t\t\t<h4 class=\"fancybutton\" data-lat=\"41.311752\" data-lng=\"19.446065\">DYQANI NE DURRES (D5)<\/h4>\n<p style=\"padding-left: 45px; padding-top: 20px;\">Bulevardi Epidam, Durres<\/p>\n\n\t\t<\/div>\n\t<\/div>\n<div class=\"vc_empty_space\"   style=\"height: 32px\"><span class=\"vc_empty_space_inner\"><\/span><\/div>\n\t<div class=\"wpb_text_column wpb_content_element\" >\n\t\t<div class=\"wpb_wrapper\">\n\t\t\t<h4 class=\"fancybutton\" data-lat=\"41.330731\" data-lng=\"19.820519\">DYQANI BARRIKADAT (D7)<\/h4>\n<p style=\"padding-left: 45px; padding-top: 20px;\">Rr. Barrikadave, vila Petrela, hyrja nr. 1, Njesia Bashkiake nr 9, , Tirane<\/p>\n\n\t\t<\/div>\n\t<\/div>\n<div class=\"vc_empty_space\"   style=\"height: 32px\"><span class=\"vc_empty_space_inner\"><\/span><\/div>\n\t<div class=\"wpb_text_column wpb_content_element\" >\n\t\t<div class=\"wpb_wrapper\">\n\t\t\t<h4 class=\"fancybutton\" data-lat=\"41.330704\" data-lng=\"19.810733\">DYQANI RRUGA DURRESIT (D9)<\/h4>\n<p style=\"padding-left: 45px; padding-top: 20px;\">Rr. Durresit, Pallati nr.58, Njesia Bashkiake nr10, Tirane<\/p>\n\n\t\t<\/div>\n\t<\/div>\n<div class=\"vc_empty_space\"   style=\"height: 32px\"><span class=\"vc_empty_space_inner\"><\/span><\/div>\n\t<div class=\"wpb_text_column wpb_content_element\" >\n\t\t<div class=\"wpb_wrapper\">\n\t\t\t<h4 class=\"fancybutton\" data-lat=\"41.324786\" data-lng=\"19.817052\">DYQANI SHALLVARET (D11)<\/h4>\n<p style=\"padding-left: 45px; padding-top: 20px;\">Rr. Reshit Collaku, Njesia Bashkiake nr.5, Tirane<\/p>\n\n\t\t<\/div>\n\t<\/div>\n<div class=\"vc_empty_space\"   style=\"height: 32px\"><span class=\"vc_empty_space_inner\"><\/span><\/div>\n\t<div class=\"wpb_text_column wpb_content_element\" >\n\t\t<div class=\"wpb_wrapper\">\n\t\t\t<h4 class=\"fancybutton\" data-lat=\"41.336200\" data-lng=\"19.816919\">MULLIRI PLUS (D13)<\/h4>\n<p style=\"padding-left: 45px; padding-top: 20px;\">Rruga Reshit Petrela 15, Tirane<\/p>\n\n\t\t<\/div>\n\t<\/div>\n<div class=\"vc_empty_space\"   style=\"height: 32px\"><span class=\"vc_empty_space_inner\"><\/span><\/div>\n\t<div class=\"wpb_text_column wpb_content_element\" >\n\t\t<div class=\"wpb_wrapper\">\n\t\t\t<h4 class=\"fancybutton\" data-lat=\"40.454819\" data-lng=\"19.486565\">MULLIRI VLORE (D01)<\/h4>\n<p style=\"padding-left: 45px; padding-top: 20px;\">Sheshi Pavaresia, Vlore<\/p>\n\n\t\t<\/div>\n\t<\/div>\n<div class=\"vc_empty_space\"   style=\"height: 32px\"><span class=\"vc_empty_space_inner\"><\/span><\/div>\n\t<div class=\"wpb_text_column wpb_content_element\" >\n\t\t<div class=\"wpb_wrapper\">\n\t\t\t<h4 class=\"fancybutton\" data-lat=\"41.321985841859686\" data-lng=\"19.817790185819838\">MULLIRI GOURMET (D17)<\/h4>\n<p style=\"padding-left: 45px; padding-top: 20px;\">Rruga Ibrahim Rugova, Tirana 1001<\/p>\n\n\t\t<\/div>\n\t<\/div>\n<div class=\"vc_empty_space\"   style=\"height: 32px\"><span class=\"vc_empty_space_inner\"><\/span><\/div>\n\t<div class=\"wpb_text_column wpb_content_element\" >\n\t\t<div class=\"wpb_wrapper\">\n\t\t\t<h4 class=\"fancybutton\" data-lat=\"41.325426\" data-lng=\"19.825814\">SHKOLLA E BALETIT (D16)<\/h4>\n<p style=\"padding-left: 45px; padding-top: 20px;\">Blvd. Bajram Curri, prane Shkolles se Baletit<\/p>\n\n\t\t<\/div>\n\t<\/div>\n<div class=\"vc_empty_space\"   style=\"height: 32px\"><span class=\"vc_empty_space_inner\"><\/span><\/div>\n\t<div class=\"wpb_text_column wpb_content_element\" >\n\t\t<div class=\"wpb_wrapper\">\n\t\t\t<h4 class=\"fancybutton\" data-lat=\"42.006343\" data-lng=\"20.967913\">tetovo<\/h4>\n<p style=\"padding-left: 45px; padding-top: 20px;\">ILINDENSKA NO.1\/A2-2 TETOVO MACEDONIA<\/p>\n\n\t\t<\/div>\n\t<\/div>\n<\/div><\/div><\/div><div class=\"wpb_column vc_column_container vc_col-sm-6\"><div class=\"vc_column-inner\"><div class=\"wpb_wrapper\">\n\t<div class=\"wpb_text_column wpb_content_element\" >\n\t\t<div class=\"wpb_wrapper\">\n\t\t\t<h4 class=\"fancybutton\" data-lat=\"41.318416\" data-lng=\"19.814721\">DYQANI SHESHI WILLSON (D2)<\/h4>\n<p style=\"padding-left: 45px; padding-top: 20px;\">Rr. Sami Frasheri, pallati 143, kati 1, njesia bashkiake nr. 5, Tirane<\/p>\n\n\t\t<\/div>\n\t<\/div>\n<div class=\"vc_empty_space\"   style=\"height: 32px\"><span class=\"vc_empty_space_inner\"><\/span><\/div>\n\t<div class=\"wpb_text_column wpb_content_element\" >\n\t\t<div class=\"wpb_wrapper\">\n\t\t\t<h4 class=\"fancybutton\" data-lat=\"41.328012\" data-lng=\"19.811218\">DYQANI RRUGA E KAVAJES (D4)<\/h4>\n<p style=\"padding-left: 45px; padding-top: 20px;\">Rr. Kavajes, Ndertesa nr.97\/1, kati 1, nr. Pasurie 4\/94, Tirane<\/p>\n\n\t\t<\/div>\n\t<\/div>\n<div class=\"vc_empty_space\"   style=\"height: 32px\"><span class=\"vc_empty_space_inner\"><\/span><\/div>\n\t<div class=\"wpb_text_column wpb_content_element\" >\n\t\t<div class=\"wpb_wrapper\">\n\t\t\t<h4 class=\"fancybutton\" data-lat=\"41.320175\" data-lng=\"19.799479\">DYQANI SELITA (D6)<\/h4>\n<p style=\"padding-left: 45px; padding-top: 20px;\">Rr. Bulevardi `Bajram Curri`, me nr.pasurie 3\/3-M2, dhe nr.3\/305, Tirane<\/p>\n\n\t\t<\/div>\n\t<\/div>\n<div class=\"vc_empty_space\"   style=\"height: 32px\"><span class=\"vc_empty_space_inner\"><\/span><\/div>\n\t<div class=\"wpb_text_column wpb_content_element\" >\n\t\t<div class=\"wpb_wrapper\">\n\t\t\t<h4 class=\"fancybutton\" data-lat=\"41.325555\" data-lng=\"19.803769\">DYQANI 21-SHI (D8)<\/h4>\n<p style=\"padding-left: 45px; padding-top: 20px;\">Rr. Muhamet Gjollesha, Pallati nr.175, Njesia Bashkiake nr 7, Tirane<\/p>\n\n\t\t<\/div>\n\t<\/div>\n<div class=\"vc_empty_space\"   style=\"height: 32px\"><span class=\"vc_empty_space_inner\"><\/span><\/div>\n\t<div class=\"wpb_text_column wpb_content_element\" >\n\t\t<div class=\"wpb_wrapper\">\n\t\t\t<h4 class=\"fancybutton\" data-lat=\"41.323554\" data-lng=\"19.825007\">DYQANI RRUGA ELBASANIT (D10)<\/h4>\n<p style=\"padding-left: 45px; padding-top: 20px;\">Rr. Budi, Njesia bashkiake nr.1, Tirane<\/p>\n\n\t\t<\/div>\n\t<\/div>\n<div class=\"vc_empty_space\"   style=\"height: 32px\"><span class=\"vc_empty_space_inner\"><\/span><\/div>\n\t<div class=\"wpb_text_column wpb_content_element\" >\n\t\t<div class=\"wpb_wrapper\">\n\t\t\t<h4 class=\"fancybutton\" data-lat=\"41.329820\" data-lng=\"19.824634\">DYQANI PAZARI RI (D12)<\/h4>\n<p style=\"padding-left: 45px; padding-top: 20px;\">Sheshi Avni Rustemi, Godina Nr.7, Njesia nr 3, Pazari i ri, Tirane<\/p>\n\n\t\t<\/div>\n\t<\/div>\n<div class=\"vc_empty_space\"   style=\"height: 32px\"><span class=\"vc_empty_space_inner\"><\/span><\/div>\n\t<div class=\"wpb_text_column wpb_content_element\" >\n\t\t<div class=\"wpb_wrapper\">\n\t\t\t<h4 class=\"fancybutton\" data-lat=\"41.324817\" data-lng=\"19.812658\">DYQANI MYSLYM SHYRI (D14)<\/h4>\n<p style=\"padding-left: 45px; padding-top: 20px;\">Rruga Sami Frash\u00ebri 1, Tirane<\/p>\n\n\t\t<\/div>\n\t<\/div>\n<div class=\"vc_empty_space\"   style=\"height: 32px\"><span class=\"vc_empty_space_inner\"><\/span><\/div>\n\t<div class=\"wpb_text_column wpb_content_element\" >\n\t\t<div class=\"wpb_wrapper\">\n\t\t\t<h4 class=\"fancybutton\" data-lat=\"41.419455126181234\" data-lng=\"19.71428895232077\">DYQANI TIA (RINAS)<\/h4>\n<p style=\"padding-left: 45px; padding-top: 20px;\">Rinas, Tirana International Airport &#8220;Mother Teresa Tirana, 1504<\/p>\n\n\t\t<\/div>\n\t<\/div>\n<div class=\"vc_empty_space\"   style=\"height: 32px\"><span class=\"vc_empty_space_inner\"><\/span><\/div>\n\t<div class=\"wpb_text_column wpb_content_element\" >\n\t\t<div class=\"wpb_wrapper\">\n\t\t\t<h4 class=\"fancybutton\" data-lat=\"41.997339\" data-lng=\"21.434577\">DYQANI NE SHKUP<\/h4>\n<p style=\"padding-left: 45px; padding-top: 20px;\">ILJO VOJVODA, SKOPJE, MACEDONIA<\/p>\n\n\t\t<\/div>\n\t<\/div>\n<\/div><\/div><\/div><\/div><\/div>\n\t<div class=\"wpb_text_column wpb_content_element\" >\n\t\t<div class=\"wpb_wrapper\">\n\t\t\t<div id=\"map_canvas\" style=\"width: 100%; height: 100%;\"><\/div>\n\n\t\t<\/div>\n\t<\/div>\n<\/div><\/div><\/div><\/div><\/div><\/div><div class=\"vc_row wpb_row vc_row-fluid edgtf-section edgtf-content-aligment-left\" style=\"\"><div class=\"clearfix edgtf-full-section-inner\"><div class=\"wpb_column vc_column_container vc_col-sm-12\"><div class=\"vc_column-inner\"><div class=\"wpb_wrapper\"><div class=\"edgtf-google-map-holder\">\n\t<div class=\"edgtf-google-map\" id=\"edgtf-map-1529772\" data-addresses='[\"41.371147, 19.686670\"]' data-custom-map-style=\"true\" data-color-overlay=\"#393939\" data-saturation=\"-98\" data-lightness=\"0\" data-zoom=\"15\" data-pin=\"https:\/\/mullirivjeter.al\/wp-content\/uploads\/2017\/01\/Pin-Red.png\" data-unique-id=\"1529772\" data-scroll-wheel=\"false\" data-height=\"430px\"><\/div>\n\t\t\t<div class=\"edgtf-google-map-overlay\"><\/div>\n\t<\/div>\n<\/div><\/div><\/div><\/div><\/div>","protected":false},"excerpt":{"rendered":"Na shkruani Ne deshirojme t'ju vijme ne ndihme prandaj mos ngurroni te na shkruani. Ne do t'ju kthejme pergjigje sa me shpejt te jete e mundur. Vendndodhjet Emri i Plot\u00eb (i detyruesh\u00ebm) Email-i (i detyruesh\u00ebm) Numri i Kontaktit (i detyruesh\u00ebm) Subjekti Mesazhi Juaj ZYRAT QENDRORE...","protected":false},"author":1,"featured_media":0,"parent":0,"menu_order":0,"comment_status":"closed","ping_status":"closed","template":"full-width.php","meta":{"_monsterinsights_skip_tracking":false,"_monsterinsights_sitenote_active":false,"_monsterinsights_sitenote_note":"","_monsterinsights_sitenote_category":0},"_links":{"self":[{"href":"https:\/\/mullirivjeter.al\/en\/wp-json\/wp\/v2\/pages\/10369"}],"collection":[{"href":"https:\/\/mullirivjeter.al\/en\/wp-json\/wp\/v2\/pages"}],"about":[{"href":"https:\/\/mullirivjeter.al\/en\/wp-json\/wp\/v2\/types\/page"}],"author":[{"embeddable":true,"href":"https:\/\/mullirivjeter.al\/en\/wp-json\/wp\/v2\/users\/1"}],"replies":[{"embeddable":true,"href":"https:\/\/mullirivjeter.al\/en\/wp-json\/wp\/v2\/comments?post=10369"}],"version-history":[{"count":0,"href":"https:\/\/mullirivjeter.al\/en\/wp-json\/wp\/v2\/pages\/10369\/revisions"}],"wp:attachment":[{"href":"https:\/\/mullirivjeter.al\/en\/wp-json\/wp\/v2\/media?parent=10369"}],"curies":[{"name":"wp","href":"https:\/\/api.w.org\/{rel}","templated":true}]}}